{"id":7907,"date":"2021-05-25T11:57:37","date_gmt":"2021-05-25T11:57:37","guid":{"rendered":"https:\/\/wphr.sysbee.net\/?page_id=7907"},"modified":"2026-03-12T11:37:37","modified_gmt":"2026-03-12T09:37:37","slug":"o-nama","status":"publish","type":"page","link":"https:\/\/www.sysbee.net\/hr\/o-nama\/","title":{"rendered":"O nama"},"content":{"rendered":"<div class=\"wpb-content-wrapper\"><p>[vc_row][vc_column width=&#8221;5\/6&#8243;][vc_column_text el_class=&#8221;lead&#8221;]<span style=\"font-size: 19px\"><span style=\"color: #ffab00\">Sysbee nije tradicionalni web hosting provider.<\/span> Mi znamo da svaki projekt ima druk\u010dije zahtjeve i zahtjeva druk\u010diji pristup. I zato, pomo\u0107i \u0107emo u prilagodbi va\u0161e serverske infrastrukture kako va\u0161e poslovanje raste, a va\u0161i se zahtjevi mijenjaju.<\/span>[\/vc_column_text][\/vc_column][vc_column width=&#8221;1\/6&#8243;][vc_btn title=&#8221;Kontaktirajte nas&#8221; color=&#8221;warning&#8221; el_id=&#8221;feedback-form&#8221;][\/vc_column][\/vc_row][vc_row][vc_column][vc_separator color=&#8221;custom&#8221; accent_color=&#8221;#ffab00&#8243;][\/vc_column][\/vc_row][vc_row][vc_column width=&#8221;2\/3&#8243;]<div class=\"porto-u-heading porto-sicon-title  wpb_custom_95aa9a11c17ad45cfabaf210d84ee7cc porto-u-1493\"><div class=\"porto-u-main-heading\"><h2  >O nama<\/h2><\/div><style>.porto-u-1493.porto-u-heading{text-align:left}<\/style><\/div>[vc_column_text]<span style=\"font-size: 16px\">Sysbee je grupa sistemskih in\u017eenjera i arhitekata s vi\u0161e od 20 godina iskustva na podru\u010dju <strong>Clouda<\/strong> i <strong>Web Hostinga<\/strong>. \u017delimo pribli\u017eiti DevOps kulturu malim i srednjim poduze\u0107ima.<br \/>\n<\/span><\/p>\n<p><span style=\"font-size: 16px\">Za nas DevOps nije samo buzzword, ve\u0107 je to kultura u kojoj na\u0161i sistemski in\u017eenjeri blisko sura\u0111uju s na\u0161im korisnicima i njihovim developerima. Poma\u017eemo na\u0161im korisnicima kako bi postigli svoje poslovne ciljeve pru\u017eaju\u0107i im <strong>stabilnu, sigurnu i skalabilnu serversku infrastrukturu.<\/strong><\/span><\/p>\n<p><span style=\"font-size: 16px\">Vjerujemo da bi se na\u0161i klijenti trebali usredoto\u010diti na svoje poslovanje, zato im \u017eelimo pomo\u0107i da postignu svoje poslovne ciljeve rade\u0107i ono \u0161to najbolje znamo &#8211; <a href=\"https:\/\/www.sysbee.net\/hr\/usluge\/dizajn-infrastrukture\/\">dizajniranje<\/a>, <a href=\"https:\/\/www.sysbee.net\/hr\/usluge\/upravljanje-infrastrukturom\/\">upravljanje<\/a> i <a href=\"https:\/\/www.sysbee.net\/hr\/proizvodi\/\">evolucija<\/a> njihove serverske infrastrukture prate\u0107i rast, razvoj i potrebe njihovog poslovanja.<\/span>[\/vc_column_text][\/vc_column][vc_column width=&#8221;1\/3&#8243;]<div class=\"porto-u-heading porto-sicon-title  wpb_custom_95aa9a11c17ad45cfabaf210d84ee7cc porto-u-9390\"><div class=\"porto-u-main-heading\"><h2  >System Bee d.o.o.<\/h2><\/div><style>.porto-u-9390.porto-u-heading{text-align:left}<\/style><\/div>[vc_column_text]<\/p>\n<ul>\n<li><span style=\"font-size: 16px\">E-mail: info@sysbee.net<\/span><\/li>\n<li><span style=\"font-size: 16px\">Adresa: Valturska ulica 82<\/span><\/li>\n<li><span style=\"font-size: 16px\">52100 Pula, Croatia<\/span><\/li>\n<li><span style=\"font-size: 16px\">VAT ID: HR44118711367<\/span><\/li>\n<li><span style=\"font-size: 16px\">OIB: 44118711367<\/span><\/li>\n<li><span style=\"font-size: 16px\">IBAN: HR0423600001102693097<\/span><\/li>\n<li><span style=\"font-size: 16px\">\u010clan uprave: Veljko Drakuli\u0107<\/span><\/li>\n<li><span style=\"font-size: 16px\">Temeljni kapital: 3.300,00 \u20ac ( upla\u0107en u cijelosti )<\/span><\/li>\n<li><span style=\"font-size: 16px\">Dru\u0161tvo je registrirano kod Trgova\u010dkog suda u Rijeci &#8211; stalna slu\u017eba u Pazinu pod brojem: 130082887<\/span><\/li>\n<\/ul>\n<p>[\/vc_column_text][\/vc_column][\/vc_row][vc_row][vc_column]<div class=\"porto-u-heading porto-sicon-title  wpb_custom_95aa9a11c17ad45cfabaf210d84ee7cc porto-u-2991\"><div class=\"porto-u-main-heading\"><h2  >Za\u0161to biste trebali izabrati Sysbee?<\/h2><\/div><style>.porto-u-2991.porto-u-heading{text-align:left}<\/style><\/div>[vc_column_text]<\/p>\n<ul class=\"list list-icons list-primary list-borders\">\n<li><i class=\"fa fa-check\"><\/i><span style=\"font-size: 16px\">Na\u0161i iskusni sistemski in\u017eenjeri mogu procijeniti va\u0161u serversku infrastrukturu i pobolj\u0161ati njene performanse, sigurnost i stabilnost.<\/span><\/li>\n<li><span style=\"font-size: 16px\"><i class=\"fa fa-check\"><\/i>Sysbee in\u017eenjeri dizajniraju sigurne, skalabilne serverske infrastrukture prilago\u0111ene va\u0161em projektu.<\/span><\/li>\n<li><span style=\"font-size: 16px\"><i class=\"fa fa-check\"><\/i>Va\u0161u serversku infrastrukturu mo\u017eemo sagraditi i odr\u017eavati gdje god se nalazila, bilo da je to u na\u0161em data centru ili kod nekog drugog cloud providera. (npr. AWS, Rackspace, itd.).<\/span><\/li>\n<li><span style=\"font-size: 16px\"><i class=\"fa fa-check\"><\/i>Usko sura\u0111ujemo s va\u0161im timom developera u cilju brzog rje\u0161avanja eventualnih problema i savjetujemo ih po pitanju deploymenta, monitoringa, performansi i sigurnosti.<\/span><\/li>\n<li><span style=\"font-size: 16px\"><i class=\"fa fa-check\"><\/i>Na\u0161 napredni i transparentni monitoring sustav pru\u017ea vam detaljan uvid u stanje i optere\u0107enje va\u0161e serverske infrastrukture.<\/span><\/li>\n<\/ul>\n<p>[\/vc_column_text][\/vc_column][\/vc_row][vc_row disable_element=&#8221;yes&#8221; conditional_render=&#8221;%5B%7B%22value_role%22%3A%22administrator%22%7D%5D&#8221;][vc_column]<div class=\"porto-u-heading  wpb_custom_95aa9a11c17ad45cfabaf210d84ee7cc porto-u-6460\"><div class=\"porto-u-sub-heading\" style=\"\">\n<h2><b>Na\u0161a povijest<\/b><\/h2>\n<p><\/div><style>.porto-u-6460.porto-u-heading{text-align:left}<\/style><\/div><div class=\"porto-history wpb_content_element \" data-appear-animation=\"fadeInUp\"><div class=\"thumb\"><img loading=\"lazy\" decoding=\"async\" class=\"\" src=\"https:\/\/www.sysbee.net\/hr\/wp-content\/uploads\/sites\/3\/2019\/09\/history-2018-145x145.jpg\" width=\"145\" height=\"145\" alt=\"sysbee-logo\" title=\"sysbee-symbol-amber_on_black\" \/><\/div><div class=\"featured-box\"><div class=\"box-content\"><h4 class=\"heading-primary\"><strong>2018<\/strong><\/h4><p>Sysbee je ro\u0111en kao novi brend u DHH grupi te je posve\u0107en velikim kupcima i prilago\u0111enim me\u0111unarodnim projektima. Na\u0161a je misija pribli\u017eiti DevOps kulturu malim i srednjim me\u0111unarodnim poduze\u0107ima, osna\u017euju\u0107i ih da se usredoto\u010de na svoju osnovnu djelatnost umjesto na kontinuitet IT poslovanja.<\/p>\n<\/div><\/div><\/div><div class=\"porto-history wpb_content_element \" data-appear-animation=\"fadeInUp\"><div class=\"thumb\"><img loading=\"lazy\" decoding=\"async\" class=\"\" src=\"https:\/\/www.sysbee.net\/hr\/wp-content\/uploads\/sites\/3\/2019\/09\/history-2015-145x145.jpg\" width=\"145\" height=\"145\" alt=\"dhh logo\" title=\"history-2015\" \/><\/div><div class=\"featured-box\"><div class=\"box-content\"><h4 class=\"heading-primary\"><strong>2015<\/strong><\/h4><p>Pridru\u017eili smo se <a href=\"https:\/\/www.dhh.international\/\">DHH grupi (Dominion Hosting Holding)<\/a> i pro\u0161irili svoju infrastrukturu. Potra\u017enja za upravljanjem, odnosno odr\u017eavanjem serverske infrastrukture je po\u010dela biti na\u0161a najtra\u017eenija usluga. Kako bismo i\u0161li u korak s potra\u017enjom, osnovali smo novi odjel posve\u0107en samo velikim klijentima, \u0161to je zapravo bio prvi uvid u ono \u0161to \u0107e Sysbee postati.<\/p>\n<\/div><\/div><\/div><div class=\"porto-history wpb_content_element \" data-appear-animation=\"fadeInUp\"><div class=\"thumb\"><img loading=\"lazy\" decoding=\"async\" class=\"\" src=\"https:\/\/www.sysbee.net\/hr\/wp-content\/uploads\/sites\/3\/2019\/09\/history-2013-145x145.jpg\" width=\"145\" height=\"145\" alt=\"dhh team\" title=\"history-2013\" \/><\/div><div class=\"featured-box\"><div class=\"box-content\"><h4 class=\"heading-primary\"><strong>2013<\/strong><\/h4><p>S vi\u0161e od 25 zaposlenika, najve\u0107i smo pru\u017eatelj hosting usluga u Hrvatskoj. Lideri smo po pitanju web hostinga, domena, SSL certifikata, VPS-a, dedicated server hostinga i managed, odnosno, upravljanih usluga.<\/p>\n<\/div><\/div><\/div><div class=\"porto-history wpb_content_element \" data-appear-animation=\"fadeInUp\"><div class=\"thumb\"><img loading=\"lazy\" decoding=\"async\" class=\"\" src=\"https:\/\/www.sysbee.net\/hr\/wp-content\/uploads\/sites\/3\/2019\/09\/history-2010-145x145.jpg\" width=\"145\" height=\"145\" alt=\"plus hosting\" title=\"history-2010\" \/><\/div><div class=\"featured-box\"><div class=\"box-content\"><h4 class=\"heading-primary\"><strong>2010<\/strong><\/h4><p>Potra\u017enja za upravljanje serverskom infrastrukturom polako raste, \u0161to nas motivira da uvedemo uslugu upravljanja infrastrukturom za velike klijente kojima su potrebna prilago\u0111ena hosting rje\u0161enja.<\/p>\n<\/div><\/div><\/div><div class=\"porto-history wpb_content_element \" data-appear-animation=\"fadeInUp\"><div class=\"thumb\"><img loading=\"lazy\" decoding=\"async\" class=\"\" src=\"https:\/\/www.sysbee.net\/hr\/wp-content\/uploads\/sites\/3\/2019\/09\/history-2008-145x145.jpg\" width=\"145\" height=\"145\" alt=\"plus page newer\" title=\"history-2008\" \/><\/div><div class=\"featured-box\"><div class=\"box-content\"><h4 class=\"heading-primary\"><strong>2008<\/strong><\/h4><p>Pustili smo u pogon na\u0161u prvu Cloud platformu koja nam je omogu\u0107ila da pro\u0161irimo bazu kupaca i uvedemo managed hosting usluge za korisnike kojima treba puno vi\u0161e od obi\u010dnog web hostinga.<\/p>\n<\/div><\/div><\/div><div class=\"porto-history wpb_content_element \" data-appear-animation=\"fadeInUp\"><div class=\"thumb\"><img loading=\"lazy\" decoding=\"async\" class=\"\" src=\"https:\/\/www.sysbee.net\/hr\/wp-content\/uploads\/sites\/3\/2019\/09\/history-2006-145x145.jpg\" width=\"145\" height=\"145\" alt=\"server\" title=\"history-2006\" \/><\/div><div class=\"featured-box\"><div class=\"box-content\"><h4 class=\"heading-primary\"><strong>2006<\/strong><\/h4><p>Dani iznajmljivanja servera su iza nas. Po\u010deli smo s postavljanjem vlastitog hardvera u podatkovni centar smje\u0161ten u Zagrebu. Dijeljeni, odnosno shared hosting i dalje je na\u0161a osnovna djelatnost, ali vlastiti hardveri u data centru u Hrvatskoj dalo nam je puno ve\u0107u fleksibilnost i otvorilo nove mogu\u0107nosti.<\/p>\n<\/div><\/div><\/div><div class=\"porto-history wpb_content_element \" data-appear-animation=\"fadeInUp\"><div class=\"thumb\"><img loading=\"lazy\" decoding=\"async\" class=\"\" src=\"https:\/\/www.sysbee.net\/hr\/wp-content\/uploads\/sites\/3\/2019\/09\/history-2003-145x145.jpg\" width=\"145\" height=\"145\" alt=\"plus page\" title=\"history-2003\" \/><\/div><div class=\"featured-box\"><div class=\"box-content\"><h4 class=\"heading-primary\"><strong>2003<\/strong><\/h4><p>Postoje\u0107i kupci polako prerastaju shared hosting, a pojavljuju se i novi kupci s velikim projektima kojima ve\u0107 u startu nije dovoljan shared hosting. Kako bismo bili u korak sa zahtjevima tr\u017ei\u0161ta, uvodimo fully managed dedicated servere u svoju ponudu.<\/p>\n<\/div><\/div><\/div><div class=\"porto-history wpb_content_element \" data-appear-animation=\"fadeInUp\"><div class=\"thumb\"><img loading=\"lazy\" decoding=\"async\" class=\"\" src=\"https:\/\/www.sysbee.net\/hr\/wp-content\/uploads\/sites\/3\/2019\/09\/history-2001-145x145.jpg\" width=\"145\" height=\"145\" alt=\"plus linux\" title=\"history-2001\" \/><\/div><div class=\"featured-box\"><div class=\"box-content\"><h4 class=\"heading-primary\"><strong>2001<\/strong><\/h4><p>Uslijed velike potra\u017enje za web hostingom i nedostatka kvalitetnih pru\u017eatelja usluga hostinga na hrvatskom tr\u017ei\u0161tu ro\u0111en je <a href=\"https:\/\/www.plus.hr\">Plus Hosting<\/a>. Isprva je Plus Hosting pru\u017eao samo Windows hosting. Me\u0111utim, do kraja 2001. u ponudu smo dodali cPanel Linux hosting.<\/p>\n<\/div><\/div><\/div>[\/vc_column][\/vc_row][vc_row][vc_column][vc_separator][\/vc_column][\/vc_row][vc_row][vc_column]<div class=\"porto-u-heading  wpb_custom_95aa9a11c17ad45cfabaf210d84ee7cc porto-u-8343\"><div class=\"porto-u-main-heading\"><h2  >Clutch nagrade<\/h2><\/div><style>.porto-u-8343.porto-u-heading{text-align:left}<\/style><\/div>[\/vc_column][\/vc_row][vc_row][vc_column width=&#8221;1\/6&#8243;]<div class=\"porto-image-frame \"><a href=\"https:\/\/clutch.co\/profile\/sysbee\" title=\"\" target=\"_blank\"><img loading=\"lazy\" decoding=\"async\" alt=\"Clutch badge award\" src=\"\/\/www.sysbee.net\/hr\/wp-content\/uploads\/sites\/3\/2021\/06\/unnamed-1.png\" class=\"img-responsive img-rounded\" width=\"137\" height=\"150\"><\/a><\/div>[\/vc_column][vc_column width=&#8221;1\/6&#8243;]<div class=\"porto-image-frame \"><a href=\"https:\/\/clutch.co\/profile\/sysbee\" title=\"\" target=\"_blank\"><img loading=\"lazy\" decoding=\"async\" alt=\"\" src=\"\/\/www.sysbee.net\/hr\/wp-content\/uploads\/sites\/3\/2024\/01\/Clutch-Top-IT-Services-Company.jpg\" class=\"img-responsive img-rounded\" width=\"137\" height=\"148\"><\/a><\/div>[\/vc_column][vc_column width=&#8221;1\/6&#8243;]<div class=\"porto-image-frame \"><a href=\"https:\/\/clutch.co\/profile\/sysbee\" title=\"\" target=\"_blank\"><img loading=\"lazy\" decoding=\"async\" alt=\"Clutch - Top IT Services Company 2024\" src=\"\/\/www.sysbee.net\/hr\/wp-content\/uploads\/sites\/3\/2024\/09\/Clutch-Top-IT-Services-Company-2024-png.png\" class=\"img-responsive img-rounded\" width=\"137\" height=\"148\"><\/a><\/div>[\/vc_column][vc_column width=&#8221;1\/6&#8243;]<div class=\"porto-image-frame \"><a href=\"https:\/\/clutch.co\/profile\/sysbee\" title=\"\" target=\"_blank\"><img loading=\"lazy\" decoding=\"async\" alt=\"Clutch - Top managed Service Provider 2024\" src=\"\/\/www.sysbee.net\/hr\/wp-content\/uploads\/sites\/3\/2024\/09\/Clutch-Top-managed-Service-Provider-2024.png\" class=\"img-responsive img-rounded\" width=\"137\" height=\"148\"><\/a><\/div>[\/vc_column][vc_column width=&#8221;1\/6&#8243;]<div class=\"porto-image-frame \"><a href=\"https:\/\/clutch.co\/profile\/sysbee\" title=\"\" target=\"_blank\"><img loading=\"lazy\" decoding=\"async\" alt=\"Clutch - Top Cloud Consulting Company 2024\" src=\"\/\/www.sysbee.net\/hr\/wp-content\/uploads\/sites\/3\/2024\/09\/Clutch-Top-Cloud-Consulting-Company-2024.png\" class=\"img-responsive img-rounded\" width=\"137\" height=\"148\"><\/a><\/div>[\/vc_column][vc_column width=&#8221;1\/6&#8243;]<div class=\"porto-image-frame \"><a href=\"https:\/\/clutch.co\/profile\/sysbee\" title=\"\" target=\"_blank\"><img loading=\"lazy\" decoding=\"async\" alt=\"Top Hosting and Cloud Company 2024\" src=\"\/\/www.sysbee.net\/hr\/wp-content\/uploads\/sites\/3\/2024\/09\/Top-Hosting-and-Cloud-Company-2024.png\" class=\"img-responsive img-rounded\" width=\"137\" height=\"148\"><\/a><\/div>[\/vc_column][\/vc_row][vc_row][vc_column]<div class=\"porto-u-heading  wpb_custom_95aa9a11c17ad45cfabaf210d84ee7cc porto-u-6856\"><div class=\"porto-u-main-heading\"><h2  >Sysbee je \u010dlan<\/h2><\/div><style>.porto-u-6856.porto-u-heading{text-align:left}<\/style><\/div>[\/vc_column][\/vc_row][vc_row content_placement=&#8221;middle&#8221; conditional_render=&#8221;%5B%7B%22value_role%22%3A%22administrator%22%7D%5D&#8221;][vc_column width=&#8221;1\/3&#8243; text_align=&#8221;center&#8221; conditional_render=&#8221;%5B%7B%22value_role%22%3A%22administrator%22%7D%5D&#8221;]<div class=\"porto-image-frame \"><a href=\"https:\/\/partners.amazonaws.com\/partners\/0010h00001aCfTCAA0\/Sysbee\" title=\"\" target=\"_blank\"><img loading=\"lazy\" decoding=\"async\" alt=\"\" src=\"\/\/www.sysbee.net\/hr\/wp-content\/uploads\/sites\/3\/2024\/01\/AWS-partner_.png\" class=\"img-responsive img-rounded\" width=\"128\" height=\"127\"><\/a><\/div>[\/vc_column][vc_column width=&#8221;1\/3&#8243; text_align=&#8221;center&#8221; css=&#8221;.vc_custom_1725438052370{padding-left: 60px !important;}&#8221; conditional_render=&#8221;%5B%7B%22value_role%22%3A%22administrator%22%7D%5D&#8221;]<div class=\"porto-image-frame \"><a href=\"https:\/\/www.ripe.net\/\" title=\"\" target=\"_blank\"><img loading=\"lazy\" decoding=\"async\" alt=\"\" src=\"\/\/www.sysbee.net\/hr\/wp-content\/uploads\/sites\/3\/2021\/04\/V_RIPE_NCC_small.png\" class=\"img-responsive img-rounded\" width=\"55\" height=\"128\"><\/a><\/div>[\/vc_column][vc_column width=&#8221;1\/3&#8243; text_align=&#8221;center&#8221; conditional_render=&#8221;%5B%7B%22value_role%22%3A%22administrator%22%7D%5D&#8221;]<div class=\"porto-image-frame \"><a href=\"https:\/\/www.cisex.org\/hr\/clan\/system-bee-doo\" title=\"\" target=\"_blank\"><img loading=\"lazy\" decoding=\"async\" alt=\"CISEx member\" src=\"\/\/www.sysbee.net\/hr\/wp-content\/uploads\/sites\/3\/2024\/09\/CISEx-member-128x128px_red.png\" class=\"img-responsive img-rounded\" width=\"128\" height=\"128\"><\/a><\/div>[\/vc_column][\/vc_row][vc_row disable_element=&#8221;yes&#8221; conditional_render=&#8221;%5B%7B%22value_role%22%3A%22administrator%22%7D%5D&#8221;][vc_column width=&#8221;1\/4&#8243;]<div class=\"porto-image-frame \"><a href=\"https:\/\/partners.amazonaws.com\/partners\/0010h00001aCfTCAA0\/Sysbee\" title=\"\" target=\"_blank\"><img loading=\"lazy\" decoding=\"async\" alt=\"\" src=\"\/\/www.sysbee.net\/hr\/wp-content\/uploads\/sites\/3\/2024\/01\/AWS-partner_.png\" class=\"img-responsive img-rounded\" width=\"128\" height=\"127\"><\/a><\/div>[\/vc_column][vc_column width=&#8221;1\/4&#8243; css=&#8221;.vc_custom_1704894544780{padding-left: 60px !important;}&#8221; conditional_render=&#8221;%5B%7B%22value_role%22%3A%22administrator%22%7D%5D&#8221;]<div class=\"porto-image-frame \"><a href=\"https:\/\/www.ripe.net\/\" title=\"\" target=\"_blank\"><img loading=\"lazy\" decoding=\"async\" alt=\"\" src=\"\/\/www.sysbee.net\/hr\/wp-content\/uploads\/sites\/3\/2021\/04\/V_RIPE_NCC_small.png\" class=\"img-responsive img-rounded\" width=\"55\" height=\"128\"><\/a><\/div>[\/vc_column][vc_column width=&#8221;1\/4&#8243;]<div class=\"porto-image-frame \"><a href=\"https:\/\/www.cisex.org\/hr\/clan\/system-bee-doo\" title=\"\" target=\"_blank\"><img loading=\"lazy\" decoding=\"async\" alt=\"\" src=\"\/\/www.sysbee.net\/hr\/wp-content\/uploads\/sites\/3\/2021\/04\/cisex.jpg\" class=\"img-responsive img-rounded\" width=\"128\" height=\"128\"><\/a><\/div>[\/vc_column][vc_column width=&#8221;1\/4&#8243;]<div class=\"porto-image-frame \"><a href=\"https:\/\/ecommerce.hr\/usluge\/sysbee\/\" title=\"\" target=\"_blank\"><img loading=\"lazy\" decoding=\"async\" alt=\"Ecommerce member\" src=\"\/\/www.sysbee.net\/hr\/wp-content\/uploads\/sites\/3\/2021\/07\/ecommerce-member-150x150.png\" class=\"img-responsive img-rounded\" width=\"150\" height=\"150\"><\/a><\/div>[\/vc_column][\/vc_row]<\/p>\n<\/div>","protected":false},"excerpt":{"rendered":"<p>[vc_row][vc_column width=&#8221;5\/6&#8243;][vc_column_text el_class=&#8221;lead&#8221;]Sysbee nije tradicionalni web hosting provider. Mi znamo da svaki projekt ima druk\u010dije zahtjeve i zahtjeva druk\u010diji pristup. I zato, pomo\u0107i \u0107emo u prilagodbi va\u0161e serverske infrastrukture kako va\u0161e poslovanje raste, a va\u0161i se zahtjevi mijenjaju.[\/vc_column_text][\/vc_column][vc_column width=&#8221;1\/6&#8243;][vc_btn title=&#8221;Kontaktirajte nas&#8221; color=&#8221;warning&#8221; el_id=&#8221;feedback-form&#8221;][\/vc_column][\/vc_row][vc_row][vc_column][vc_separator color=&#8221;custom&#8221; accent_color=&#8221;#ffab00&#8243;][\/vc_column][\/vc_row][vc_row][vc_column width=&#8221;2\/3&#8243;][vc_column_text]Sysbee je grupa sistemskih in\u017eenjera i arhitekata s vi\u0161e od [&hellip;]<\/p>\n","protected":false},"author":3,"featured_media":0,"parent":0,"menu_order":0,"comment_status":"closed","ping_status":"closed","template":"","meta":{"inline_featured_image":false,"footnotes":""},"yoast_head":"<!-- This site is optimized with the Yoast SEO plugin v22.4 - https:\/\/yoast.com\/wordpress\/plugins\/seo\/ -->\n<title>Cloud Web Hosting &amp; Managed Services Provider - About Us | Sysbee<\/title>\n<meta name=\"description\" content=\"System engineers and infrastructure architects with over 18 years of experience in the field of cloud and web services hosting.\" \/>\n<meta name=\"robots\" content=\"index, follow, max-snippet:-1, max-image-preview:large, max-video-preview:-1\" \/>\n<link rel=\"canonical\" href=\"https:\/\/www.sysbee.net\/hr\/o-nama\/\" \/>\n<meta property=\"og:locale\" content=\"hr_HR\" \/>\n<meta property=\"og:type\" content=\"article\" \/>\n<meta property=\"og:title\" content=\"Cloud Web Hosting &amp; Managed Services Provider - About Us | Sysbee\" \/>\n<meta property=\"og:description\" content=\"System engineers and infrastructure architects with over 18 years of experience in the field of cloud and web services hosting.\" \/>\n<meta property=\"og:url\" content=\"https:\/\/www.sysbee.net\/hr\/o-nama\/\" \/>\n<meta property=\"og:site_name\" content=\"Sysbee - HR\" \/>\n<meta property=\"article:modified_time\" content=\"2026-03-12T09:37:37+00:00\" \/>\n<meta name=\"twitter:card\" content=\"summary_large_image\" \/>\n<meta name=\"twitter:label1\" content=\"Procijenjeno vrijeme \u010ditanja\" \/>\n\t<meta name=\"twitter:data1\" content=\"4 minute\" \/>\n<script type=\"application\/ld+json\" class=\"yoast-schema-graph\">{\"@context\":\"https:\/\/schema.org\",\"@graph\":[{\"@type\":\"WebPage\",\"@id\":\"https:\/\/www.sysbee.net\/hr\/o-nama\/\",\"url\":\"https:\/\/www.sysbee.net\/hr\/o-nama\/\",\"name\":\"Cloud Web Hosting & Managed Services Provider - About Us | Sysbee\",\"isPartOf\":{\"@id\":\"https:\/\/www.sysbee.net\/hr\/#website\"},\"datePublished\":\"2021-05-25T11:57:37+00:00\",\"dateModified\":\"2026-03-12T09:37:37+00:00\",\"description\":\"System engineers and infrastructure architects with over 18 years of experience in the field of cloud and web services hosting.\",\"breadcrumb\":{\"@id\":\"https:\/\/www.sysbee.net\/hr\/o-nama\/#breadcrumb\"},\"inLanguage\":\"hr\",\"potentialAction\":[{\"@type\":\"ReadAction\",\"target\":[\"https:\/\/www.sysbee.net\/hr\/o-nama\/\"]}]},{\"@type\":\"BreadcrumbList\",\"@id\":\"https:\/\/www.sysbee.net\/hr\/o-nama\/#breadcrumb\",\"itemListElement\":[{\"@type\":\"ListItem\",\"position\":1,\"name\":\"Home\",\"item\":\"https:\/\/www.sysbee.net\/hr\/\"},{\"@type\":\"ListItem\",\"position\":2,\"name\":\"O nama\"}]},{\"@type\":\"WebSite\",\"@id\":\"https:\/\/www.sysbee.net\/hr\/#website\",\"url\":\"https:\/\/www.sysbee.net\/hr\/\",\"name\":\"Sysbee - HR\",\"description\":\"Sysbee - HR\",\"potentialAction\":[{\"@type\":\"SearchAction\",\"target\":{\"@type\":\"EntryPoint\",\"urlTemplate\":\"https:\/\/www.sysbee.net\/hr\/?s={search_term_string}\"},\"query-input\":\"required name=search_term_string\"}],\"inLanguage\":\"hr\"}]}<\/script>\n<!-- \/ Yoast SEO plugin. -->","yoast_head_json":{"title":"Cloud Web Hosting & Managed Services Provider - About Us | Sysbee","description":"System engineers and infrastructure architects with over 18 years of experience in the field of cloud and web services hosting.","robots":{"index":"index","follow":"follow","max-snippet":"max-snippet:-1","max-image-preview":"max-image-preview:large","max-video-preview":"max-video-preview:-1"},"canonical":"https:\/\/www.sysbee.net\/hr\/o-nama\/","og_locale":"hr_HR","og_type":"article","og_title":"Cloud Web Hosting & Managed Services Provider - About Us | Sysbee","og_description":"System engineers and infrastructure architects with over 18 years of experience in the field of cloud and web services hosting.","og_url":"https:\/\/www.sysbee.net\/hr\/o-nama\/","og_site_name":"Sysbee - HR","article_modified_time":"2026-03-12T09:37:37+00:00","twitter_card":"summary_large_image","twitter_misc":{"Procijenjeno vrijeme \u010ditanja":"4 minute"},"schema":{"@context":"https:\/\/schema.org","@graph":[{"@type":"WebPage","@id":"https:\/\/www.sysbee.net\/hr\/o-nama\/","url":"https:\/\/www.sysbee.net\/hr\/o-nama\/","name":"Cloud Web Hosting & Managed Services Provider - About Us | Sysbee","isPartOf":{"@id":"https:\/\/www.sysbee.net\/hr\/#website"},"datePublished":"2021-05-25T11:57:37+00:00","dateModified":"2026-03-12T09:37:37+00:00","description":"System engineers and infrastructure architects with over 18 years of experience in the field of cloud and web services hosting.","breadcrumb":{"@id":"https:\/\/www.sysbee.net\/hr\/o-nama\/#breadcrumb"},"inLanguage":"hr","potentialAction":[{"@type":"ReadAction","target":["https:\/\/www.sysbee.net\/hr\/o-nama\/"]}]},{"@type":"BreadcrumbList","@id":"https:\/\/www.sysbee.net\/hr\/o-nama\/#breadcrumb","itemListElement":[{"@type":"ListItem","position":1,"name":"Home","item":"https:\/\/www.sysbee.net\/hr\/"},{"@type":"ListItem","position":2,"name":"O nama"}]},{"@type":"WebSite","@id":"https:\/\/www.sysbee.net\/hr\/#website","url":"https:\/\/www.sysbee.net\/hr\/","name":"Sysbee - HR","description":"Sysbee - HR","potentialAction":[{"@type":"SearchAction","target":{"@type":"EntryPoint","urlTemplate":"https:\/\/www.sysbee.net\/hr\/?s={search_term_string}"},"query-input":"required name=search_term_string"}],"inLanguage":"hr"}]}},"_links":{"self":[{"href":"https:\/\/www.sysbee.net\/hr\/wp-json\/wp\/v2\/pages\/7907"}],"collection":[{"href":"https:\/\/www.sysbee.net\/hr\/wp-json\/wp\/v2\/pages"}],"about":[{"href":"https:\/\/www.sysbee.net\/hr\/wp-json\/wp\/v2\/types\/page"}],"author":[{"embeddable":true,"href":"https:\/\/www.sysbee.net\/hr\/wp-json\/wp\/v2\/users\/3"}],"replies":[{"embeddable":true,"href":"https:\/\/www.sysbee.net\/hr\/wp-json\/wp\/v2\/comments?post=7907"}],"version-history":[{"count":27,"href":"https:\/\/www.sysbee.net\/hr\/wp-json\/wp\/v2\/pages\/7907\/revisions"}],"predecessor-version":[{"id":11083,"href":"https:\/\/www.sysbee.net\/hr\/wp-json\/wp\/v2\/pages\/7907\/revisions\/11083"}],"wp:attachment":[{"href":"https:\/\/www.sysbee.net\/hr\/wp-json\/wp\/v2\/media?parent=7907"}],"curies":[{"name":"wp","href":"https:\/\/api.w.org\/{rel}","templated":true}]}}