{"id":7263,"date":"2021-02-16T14:53:34","date_gmt":"2021-02-16T14:53:34","guid":{"rendered":"https:\/\/wphr.sysbee.net\/?page_id=7263"},"modified":"2025-06-11T12:01:51","modified_gmt":"2025-06-11T10:01:51","slug":"usluge","status":"publish","type":"page","link":"https:\/\/www.sysbee.net\/hr\/usluge\/","title":{"rendered":"Usluge"},"content":{"rendered":"<div class=\"wpb-content-wrapper\"><p>[vc_row wrap_container=&#8221;yes&#8221; css=&#8221;.vc_custom_1658219147871{padding-top: 40px !important;}&#8221;][vc_column]<div class=\"porto-u-heading  wpb_custom_95aa9a11c17ad45cfabaf210d84ee7cc porto-u-7653\"><div class=\"porto-u-sub-heading\" style=\"\">\n<h2><span style=\"color: #ffab00\">Ovdje smo kako bismo osigurali<\/span> da na\u0161a tehnologija odgovara va\u0161im potrebama.<\/h2>\n<p><\/div><style>.porto-u-7653.porto-u-heading{text-align:left}<\/style><\/div>[vc_column_text el_class=&#8221;lead&#8221;]<span style=\"font-size: 19px\">Na\u0161e usluge \u0107e pobolj\u0161ati va\u0161u infrastrukturu, u\u010diniti je pristupa\u010dnom, sigurnom, i prikladnom za sve va\u0161e poslovne potrebe. Procijenit \u0107emo stanje va\u0161e infrastrukture i pru\u017eiti vam vrijedne povratne informacije, imaju\u0107i na umu smanjenje tro\u0161kova i pobolj\u0161anje preformansi. Ako tra\u017eite najbolje rje\u0161enje za svoje poslovanje, mo\u017eemo dizajnirati i upravljati va\u0161om vlastitom infrastrukturom napravljenoj po mjeri.<\/span>[\/vc_column_text][vc_separator color=&#8221;custom&#8221; accent_color=&#8221;#FFAB00&#8243;][\/vc_column][\/vc_row][vc_row wrap_container=&#8221;yes&#8221;][vc_column]<div class=\"porto-u-heading  wpb_custom_95aa9a11c17ad45cfabaf210d84ee7cc porto-u-8878\"><div class=\"porto-u-sub-heading\" style=\"\">\n<h2 style=\"text-align: left\">Na\u0161e usluge:<\/h2>\n<p><\/div><style>.porto-u-8878.porto-u-heading{text-align:left}<\/style><\/div>[\/vc_column][\/vc_row][vc_row wrap_container=&#8221;yes&#8221; no_padding=&#8221;yes&#8221; section_skin=&#8221;parallax&#8221; css=&#8221;.vc_custom_1624540493630{padding-bottom: 60px !important;}&#8221; el_class=&#8221;custom-font1&#8243;][vc_column width=&#8221;1\/4&#8243; animation_duration=&#8221;2000&#8243; animation_type=&#8221;fadeIn&#8221; offset=&#8221;vc_hidden-xs&#8221;]<a class=\"porto-sicon-box-link\" href=\"https:\/\/www.sysbee.net\/hr\/usluge\/procjena-stanja-infrastrukture\/\" target='_blank'><div class=\"porto-sicon-box  wpb_custom_1efe903570d178ff0a9b7bfa5febd3a4 style_3 left-icon\"><div class=\"porto-sicon-left\"><div id=\"porto-icon-16201652069f0c0c14d7a2\" class=\"porto-just-icon-wrapper porto-sicon-img\" style=\"font-size: 200px;\"><img loading=\"lazy\" decoding=\"async\" class=\"img-icon\" alt=\"\" src=\"https:\/\/www.sysbee.net\/hr\/wp-content\/uploads\/sites\/3\/2021\/04\/Infra-assessment.png\" width=\"300\" height=\"300\" \/><\/div><\/div><div class=\"porto-sicon-body\"><\/div><\/div><!-- porto-sicon-box --><\/a>[\/vc_column][vc_column width=&#8221;3\/4&#8243;]<div class=\"porto-sicon-box  wpb_custom_1efe903570d178ff0a9b7bfa5febd3a4 style_3 left-icon\"><div class=\"porto-sicon-body\"><div class=\"porto-sicon-description\" style=\"font-family:Open Sans; font-weight:; font-style:; font-size:20px;letter-spacing:0.5;\">\n<h2>Procjena stanja infrastrukture<\/h2>\n<p><\/div> <!-- description --><\/div><\/div><!-- porto-sicon-box --><div class=\"porto-sicon-box  wpb_custom_1efe903570d178ff0a9b7bfa5febd3a4 style_3 left-icon\"><div class=\"porto-sicon-body\"><div class=\"porto-sicon-description\" style=\"font-family:Open Sans; font-weight:300; font-style:normal; font-size:20px;letter-spacing:0.5;\"><span style=\"font-size: 16px\">Neu\u010dinkovita i nestabilna infrastruktura mo\u017ee negativno utjecati na va\u0161e svakodnevne aktivnosti te ostaviti trajne posljedice na poslovanje. Procjenom stanja infrastrukture na\u0161i \u0107e stru\u010dnjaci detektirati uzroke smetnjama u radu te predlo\u017eiti najbolji pristup kako bi se va\u0161a infrastruktura vratila u optimalno stanje.<\/span><a class=\"porto-sicon-read xx\" href=\"https:\/\/www.sysbee.net\/hr\/usluge\/procjena-stanja-infrastrukture\/\" title='Procjena stanja infrastrukture'>Saznaj vi\u0161e!<span>&nbsp;&raquo;<\/span><\/a><\/div> <!-- description --><\/div><\/div><!-- porto-sicon-box -->[\/vc_column][\/vc_row][vc_row wrap_container=&#8221;yes&#8221;][vc_column][vc_separator color=&#8221;custom&#8221; accent_color=&#8221;#ffab00&#8243;][\/vc_column][\/vc_row][vc_row wrap_container=&#8221;yes&#8221; no_padding=&#8221;yes&#8221; section_skin=&#8221;parallax&#8221; css=&#8221;.vc_custom_1658229461937{padding-bottom: 60px !important;}&#8221; el_class=&#8221;custom-font1&#8243;][vc_column width=&#8221;1\/4&#8243; animation_duration=&#8221;2000&#8243; animation_type=&#8221;fadeIn&#8221; offset=&#8221;vc_hidden-xs&#8221;]<a class=\"porto-sicon-box-link\" href=\"https:\/\/www.sysbee.net\/hr\/usluge\/dizajn-infrastrukture\/\" target='_blank'><div class=\"porto-sicon-box  wpb_custom_1efe903570d178ff0a9b7bfa5febd3a4 style_3 left-icon\"><div class=\"porto-sicon-left\"><div id=\"porto-icon-179521891969f0c0c14e50c\" class=\"porto-just-icon-wrapper porto-sicon-img\" style=\"font-size: 200px;\"><img loading=\"lazy\" decoding=\"async\" class=\"img-icon\" alt=\"Infra design\" src=\"https:\/\/www.sysbee.net\/hr\/wp-content\/uploads\/sites\/3\/2021\/03\/Design.png\" width=\"500\" height=\"500\" \/><\/div><\/div><div class=\"porto-sicon-body\"><\/div><\/div><!-- porto-sicon-box --><\/a>[\/vc_column][vc_column width=&#8221;3\/4&#8243;]<div class=\"porto-sicon-box  wpb_custom_1efe903570d178ff0a9b7bfa5febd3a4 style_3 left-icon\"><div class=\"porto-sicon-body\"><div class=\"porto-sicon-description\" style=\"font-family:Open Sans; font-weight:; font-style:; font-size:20px;letter-spacing:0.5;\">\n<h2>Dizajn infrastrukture<\/h2>\n<p><\/div> <!-- description --><\/div><\/div><!-- porto-sicon-box --><div class=\"porto-sicon-box  wpb_custom_f5748050e5d2fe9fd63dd030d22cde36 style_3 left-icon\"><div class=\"porto-sicon-body\"><div class=\"porto-sicon-description\" style=\"\"><span style=\"font-size: 16px\">Poslujte u skladu s trendovima i spremno prihvatite izazove digitalne transformacije. Bilo da planirate migraciju s postoje\u0107e platforme ili pokre\u0107ete novi projekt, dizajn infrastrukture koja podr\u017eava va\u0161e strate\u0161ke ciljeve klju\u010dni je preduvjet uspjeha.<\/span><a class=\"porto-sicon-read xx\" href=\"https:\/\/www.sysbee.net\/hr\/usluge\/dizajn-infrastrukture\/\" title='Dizajn infrastrukture'>Saznaj vi\u0161e!<span>&nbsp;&raquo;<\/span><\/a><\/div> <!-- description --><\/div><\/div><!-- porto-sicon-box -->[\/vc_column][\/vc_row][vc_row wrap_container=&#8221;yes&#8221;][vc_column][vc_separator color=&#8221;custom&#8221; accent_color=&#8221;#ffab00&#8243;][\/vc_column][\/vc_row][vc_row wrap_container=&#8221;yes&#8221; no_padding=&#8221;yes&#8221; css=&#8221;.vc_custom_1623930011609{padding-bottom: 60px !important;}&#8221;][vc_column width=&#8221;1\/4&#8243; animation_duration=&#8221;2000&#8243; animation_type=&#8221;fadeIn&#8221; offset=&#8221;vc_hidden-xs&#8221;]<a class=\"porto-sicon-box-link\" href=\"https:\/\/www.sysbee.net\/hr\/usluge\/upravljanje-aws-infrastrukturom\/\" target='_blank'><div class=\"porto-sicon-box  wpb_custom_1efe903570d178ff0a9b7bfa5febd3a4 style_3 left-icon\"><div class=\"porto-sicon-left\"><div id=\"porto-icon-187214256369f0c0c14ecb2\" class=\"porto-just-icon-wrapper porto-sicon-img\" style=\"font-size: 200px;\"><img loading=\"lazy\" decoding=\"async\" class=\"img-icon\" alt=\"aws icon\" src=\"https:\/\/www.sysbee.net\/hr\/wp-content\/uploads\/sites\/3\/2021\/06\/Amazon-logo-SVG-svg.png\" width=\"300\" height=\"300\" \/><\/div><\/div><div class=\"porto-sicon-body\"><\/div><\/div><!-- porto-sicon-box --><\/a>[\/vc_column][vc_column width=&#8221;3\/4&#8243;]<div class=\"porto-sicon-box  wpb_custom_1efe903570d178ff0a9b7bfa5febd3a4 style_3 left-icon\"><div class=\"porto-sicon-body\"><div class=\"porto-sicon-description\" style=\"font-family:Open Sans; font-weight:300; font-style:normal; font-size:20px;\">\n<h2>Upravljanje AWS infrastrukturom<\/h2>\n<p><\/div> <!-- description --><\/div><\/div><!-- porto-sicon-box --><div class=\"porto-sicon-box  wpb_custom_1efe903570d178ff0a9b7bfa5febd3a4 style_3 left-icon\"><div class=\"porto-sicon-body\"><div class=\"porto-sicon-description\" style=\"font-family:Open Sans; font-weight:300; font-style:normal; font-size:20px;\"><span style=\"font-size: 16px\">Prilagodite prednosti AWS ekosustava va\u0161im strate\u0161kim ciljevima, uz manje tro\u0161kova i ve\u0107u efikasnost. Prepustite upravljanje AWS infrastrukturom na\u0161im stru\u010dnjacima i bezbri\u017eno se posvetite va\u0161em poslovanju.<\/span><a class=\"porto-sicon-read xx\" href=\"https:\/\/www.sysbee.net\/hr\/usluge\/upravljanje-aws-infrastrukturom\/\">Saznaj vi\u0161e!<span>&nbsp;&raquo;<\/span><\/a><\/div> <!-- description --><\/div><\/div><!-- porto-sicon-box -->[\/vc_column][\/vc_row][vc_row wrap_container=&#8221;yes&#8221;][vc_column][vc_separator color=&#8221;custom&#8221; accent_color=&#8221;#ffab00&#8243;][\/vc_column][\/vc_row][vc_row wrap_container=&#8221;yes&#8221; no_padding=&#8221;yes&#8221; css=&#8221;.vc_custom_1623930019838{padding-bottom: 60px !important;}&#8221;][vc_column width=&#8221;1\/4&#8243; section_skin=&#8221;primary&#8221; remove_padding_top=&#8221;yes&#8221; remove_padding_bottom=&#8221;yes&#8221; animation_duration=&#8221;2000&#8243; animation_type=&#8221;fadeIn&#8221; offset=&#8221;vc_hidden-xs&#8221;]<a class=\"porto-sicon-box-link\" href=\"https:\/\/www.sysbee.net\/hr\/usluge\/upravljanje-infrastrukturom\/\" target='_blank'><div class=\"porto-sicon-box  wpb_custom_1efe903570d178ff0a9b7bfa5febd3a4 style_3 left-icon\"><div class=\"porto-sicon-left\"><div id=\"porto-icon-19713185369f0c0c14efb5\" class=\"porto-just-icon-wrapper porto-sicon-img\" style=\"font-size: 200px;\"><img loading=\"lazy\" decoding=\"async\" class=\"img-icon\" alt=\"Server\" src=\"https:\/\/www.sysbee.net\/hr\/wp-content\/uploads\/sites\/3\/2021\/03\/Server.png\" width=\"500\" height=\"500\" \/><\/div><\/div><div class=\"porto-sicon-body\"><\/div><\/div><!-- porto-sicon-box --><\/a>[\/vc_column][vc_column width=&#8221;3\/4&#8243;]<div class=\"porto-sicon-box  wpb_custom_1efe903570d178ff0a9b7bfa5febd3a4 style_3 left-icon\"><div class=\"porto-sicon-body\"><div class=\"porto-sicon-description\" style=\"font-family:Open Sans; font-weight:300; font-style:normal; font-size:20px;\">\n<h2>Upravljanje infrastrukturom<\/h2>\n<p><\/div> <!-- description --><\/div><\/div><!-- porto-sicon-box --><div class=\"porto-sicon-box  wpb_custom_1efe903570d178ff0a9b7bfa5febd3a4 style_3 left-icon\"><div class=\"porto-sicon-body\"><div class=\"porto-sicon-description\" style=\"font-family:Open Sans; font-weight:300; font-style:normal; font-size:20px;\"><span style=\"font-size: 16px\">Samostalno upravljanje infrastrukturom ponekad se \u010dini logi\u010dnim rje\u0161enjem, no dugoro\u010dno ne \u0161tedite ni vrijeme ni novac \u2013 \u0161to mo\u017ee potvrditi i va\u0161 interni IT odjel. Uz na\u0161u uslugu, vi ste na dobitku. U\u017eivate sve blagodati vlastite infrastrukture, bez brige o njezinom postavljanju, konfiguraciji, nadzoru i odr\u017eavanju.<\/span><a class=\"porto-sicon-read xx\" href=\"https:\/\/www.sysbee.net\/hr\/usluge\/upravljanje-infrastrukturom\/\">Saznaj vi\u0161e!<span>&nbsp;&raquo;<\/span><\/a><\/div> <!-- description --><\/div><\/div><!-- porto-sicon-box -->[\/vc_column][\/vc_row][vc_row disable_element=&#8221;yes&#8221; wrap_container=&#8221;yes&#8221; css=&#8221;.vc_custom_1622468747226{padding-top: 100px !important;padding-bottom: 100px !important;background-color: #ffab00 !important;}&#8221;][vc_column width=&#8221;1\/2&#8243;]<div class=\"porto-u-heading  wpb_custom_95aa9a11c17ad45cfabaf210d84ee7cc porto-u-8732\"><div class=\"porto-u-main-heading\"><h2   style=\"font-size:50px;line-height:100px;\">Also specialized in..<\/h2><\/div><style>.porto-u-8732.porto-u-heading{text-align:left}<\/style><\/div>[vc_hoverbox primary_title=&#8221;Optimized Magento 2 hosting&#8221;]Click edit button to change this text. Lorem ipsum dolor sit amet, consectetur adipiscing elit. Ut elit tellus, luctus nec ullamcorper mattis, pulvinar dapibus leo.[\/vc_hoverbox][\/vc_column][vc_column width=&#8221;1\/2&#8243;][vc_empty_space height=&#8221;120px&#8221;][vc_hoverbox primary_title=&#8221;Managed Gitlab hosting&#8221;]Click edit button to change this text. Lorem ipsum dolor sit amet, consectetur adipiscing elit. Ut elit tellus, luctus nec ullamcorper mattis, pulvinar dapibus leo.[\/vc_hoverbox][\/vc_column][\/vc_row][vc_row wrap_container=&#8221;yes&#8221;][vc_column][vc_empty_space height=&#8221;120px&#8221;][vc_cta h2=&#8221;Treba li vam pomo\u0107 oko va\u0161e infrastrukture?&#8221; h2_font_container=&#8221;tag:h2|font_size:1.8em|text_align:left|color:%231d2127|line_height:24px&#8221; h2_use_theme_fonts=&#8221;yes&#8221; h4=&#8221;Kontaktirajte nas kako bi zajedno vidjeli koje su va\u0161e potrebe!&#8221; h4_font_container=&#8221;tag:h2|font_size:1.2em|text_align:left|color:%23787878|line_height:22px&#8221; h4_use_theme_fonts=&#8221;yes&#8221; txt_align=&#8221;center&#8221; style=&#8221;outline&#8221; add_button=&#8221;right&#8221; btn_title=&#8221;Kontaktirajte nas&#8221; btn_skin=&#8221;primary&#8221; btn_show_arrow=&#8221;yes&#8221; use_custom_fonts_h2=&#8221;true&#8221; use_custom_fonts_h4=&#8221;true&#8221; btn_el_id=&#8221;feedback-form&#8221;][\/vc_cta][vc_empty_space height=&#8221;120px&#8221;][\/vc_column][\/vc_row]<\/p>\n<\/div>","protected":false},"excerpt":{"rendered":"<p>[vc_row wrap_container=&#8221;yes&#8221; css=&#8221;.vc_custom_1658219147871{padding-top: 40px !important;}&#8221;][vc_column][vc_column_text el_class=&#8221;lead&#8221;]Na\u0161e usluge \u0107e pobolj\u0161ati va\u0161u infrastrukturu, u\u010diniti je pristupa\u010dnom, sigurnom, i prikladnom za sve va\u0161e poslovne potrebe. Procijenit \u0107emo stanje va\u0161e infrastrukture i pru\u017eiti vam vrijedne povratne informacije, imaju\u0107i na umu smanjenje tro\u0161kova i pobolj\u0161anje preformansi. Ako tra\u017eite najbolje rje\u0161enje za svoje poslovanje, mo\u017eemo dizajnirati i upravljati va\u0161om vlastitom infrastrukturom [&hellip;]<\/p>\n","protected":false},"author":8,"featured_media":0,"parent":0,"menu_order":0,"comment_status":"closed","ping_status":"closed","template":"","meta":{"inline_featured_image":false,"footnotes":""},"yoast_head":"<!-- This site is optimized with the Yoast SEO plugin v22.4 - https:\/\/yoast.com\/wordpress\/plugins\/seo\/ -->\n<title>Usluge procjena dizajna i upravljanje Infrastrukturom - Sysbee - HR<\/title>\n<meta name=\"description\" content=\"Na\u0161e usluge pobolj\u0161at \u0107e va\u0161u infrastrukturu, u\u010diniti je pristupa\u010dnom, sigurnom i izgra\u0111enom posebno za va\u0161e poslovne potrebe.\" \/>\n<meta name=\"robots\" content=\"index, follow, max-snippet:-1, max-image-preview:large, max-video-preview:-1\" \/>\n<link rel=\"canonical\" href=\"https:\/\/www.sysbee.net\/hr\/usluge\/\" \/>\n<meta property=\"og:locale\" content=\"hr_HR\" \/>\n<meta property=\"og:type\" content=\"article\" \/>\n<meta property=\"og:title\" content=\"Usluge procjena dizajna i upravljanje Infrastrukturom - Sysbee - HR\" \/>\n<meta property=\"og:description\" content=\"Na\u0161e usluge pobolj\u0161at \u0107e va\u0161u infrastrukturu, u\u010diniti je pristupa\u010dnom, sigurnom i izgra\u0111enom posebno za va\u0161e poslovne potrebe.\" \/>\n<meta property=\"og:url\" content=\"https:\/\/www.sysbee.net\/hr\/usluge\/\" \/>\n<meta property=\"og:site_name\" content=\"Sysbee - HR\" \/>\n<meta property=\"article:modified_time\" content=\"2025-06-11T10:01:51+00:00\" \/>\n<meta name=\"twitter:card\" content=\"summary_large_image\" \/>\n<meta name=\"twitter:label1\" content=\"Procijenjeno vrijeme \u010ditanja\" \/>\n\t<meta name=\"twitter:data1\" content=\"4 minute\" \/>\n<script type=\"application\/ld+json\" class=\"yoast-schema-graph\">{\"@context\":\"https:\/\/schema.org\",\"@graph\":[{\"@type\":\"WebPage\",\"@id\":\"https:\/\/www.sysbee.net\/hr\/usluge\/\",\"url\":\"https:\/\/www.sysbee.net\/hr\/usluge\/\",\"name\":\"Usluge procjena dizajna i upravljanje Infrastrukturom - Sysbee - HR\",\"isPartOf\":{\"@id\":\"https:\/\/www.sysbee.net\/hr\/#website\"},\"datePublished\":\"2021-02-16T14:53:34+00:00\",\"dateModified\":\"2025-06-11T10:01:51+00:00\",\"description\":\"Na\u0161e usluge pobolj\u0161at \u0107e va\u0161u infrastrukturu, u\u010diniti je pristupa\u010dnom, sigurnom i izgra\u0111enom posebno za va\u0161e poslovne potrebe.\",\"breadcrumb\":{\"@id\":\"https:\/\/www.sysbee.net\/hr\/usluge\/#breadcrumb\"},\"inLanguage\":\"hr\",\"potentialAction\":[{\"@type\":\"ReadAction\",\"target\":[\"https:\/\/www.sysbee.net\/hr\/usluge\/\"]}]},{\"@type\":\"BreadcrumbList\",\"@id\":\"https:\/\/www.sysbee.net\/hr\/usluge\/#breadcrumb\",\"itemListElement\":[{\"@type\":\"ListItem\",\"position\":1,\"name\":\"Home\",\"item\":\"https:\/\/www.sysbee.net\/hr\/\"},{\"@type\":\"ListItem\",\"position\":2,\"name\":\"Usluge\"}]},{\"@type\":\"WebSite\",\"@id\":\"https:\/\/www.sysbee.net\/hr\/#website\",\"url\":\"https:\/\/www.sysbee.net\/hr\/\",\"name\":\"Sysbee - HR\",\"description\":\"Sysbee - HR\",\"potentialAction\":[{\"@type\":\"SearchAction\",\"target\":{\"@type\":\"EntryPoint\",\"urlTemplate\":\"https:\/\/www.sysbee.net\/hr\/?s={search_term_string}\"},\"query-input\":\"required name=search_term_string\"}],\"inLanguage\":\"hr\"}]}<\/script>\n<!-- \/ Yoast SEO plugin. -->","yoast_head_json":{"title":"Usluge procjena dizajna i upravljanje Infrastrukturom - Sysbee - HR","description":"Na\u0161e usluge pobolj\u0161at \u0107e va\u0161u infrastrukturu, u\u010diniti je pristupa\u010dnom, sigurnom i izgra\u0111enom posebno za va\u0161e poslovne potrebe.","robots":{"index":"index","follow":"follow","max-snippet":"max-snippet:-1","max-image-preview":"max-image-preview:large","max-video-preview":"max-video-preview:-1"},"canonical":"https:\/\/www.sysbee.net\/hr\/usluge\/","og_locale":"hr_HR","og_type":"article","og_title":"Usluge procjena dizajna i upravljanje Infrastrukturom - Sysbee - HR","og_description":"Na\u0161e usluge pobolj\u0161at \u0107e va\u0161u infrastrukturu, u\u010diniti je pristupa\u010dnom, sigurnom i izgra\u0111enom posebno za va\u0161e poslovne potrebe.","og_url":"https:\/\/www.sysbee.net\/hr\/usluge\/","og_site_name":"Sysbee - HR","article_modified_time":"2025-06-11T10:01:51+00:00","twitter_card":"summary_large_image","twitter_misc":{"Procijenjeno vrijeme \u010ditanja":"4 minute"},"schema":{"@context":"https:\/\/schema.org","@graph":[{"@type":"WebPage","@id":"https:\/\/www.sysbee.net\/hr\/usluge\/","url":"https:\/\/www.sysbee.net\/hr\/usluge\/","name":"Usluge procjena dizajna i upravljanje Infrastrukturom - Sysbee - HR","isPartOf":{"@id":"https:\/\/www.sysbee.net\/hr\/#website"},"datePublished":"2021-02-16T14:53:34+00:00","dateModified":"2025-06-11T10:01:51+00:00","description":"Na\u0161e usluge pobolj\u0161at \u0107e va\u0161u infrastrukturu, u\u010diniti je pristupa\u010dnom, sigurnom i izgra\u0111enom posebno za va\u0161e poslovne potrebe.","breadcrumb":{"@id":"https:\/\/www.sysbee.net\/hr\/usluge\/#breadcrumb"},"inLanguage":"hr","potentialAction":[{"@type":"ReadAction","target":["https:\/\/www.sysbee.net\/hr\/usluge\/"]}]},{"@type":"BreadcrumbList","@id":"https:\/\/www.sysbee.net\/hr\/usluge\/#breadcrumb","itemListElement":[{"@type":"ListItem","position":1,"name":"Home","item":"https:\/\/www.sysbee.net\/hr\/"},{"@type":"ListItem","position":2,"name":"Usluge"}]},{"@type":"WebSite","@id":"https:\/\/www.sysbee.net\/hr\/#website","url":"https:\/\/www.sysbee.net\/hr\/","name":"Sysbee - HR","description":"Sysbee - HR","potentialAction":[{"@type":"SearchAction","target":{"@type":"EntryPoint","urlTemplate":"https:\/\/www.sysbee.net\/hr\/?s={search_term_string}"},"query-input":"required name=search_term_string"}],"inLanguage":"hr"}]}},"_links":{"self":[{"href":"https:\/\/www.sysbee.net\/hr\/wp-json\/wp\/v2\/pages\/7263"}],"collection":[{"href":"https:\/\/www.sysbee.net\/hr\/wp-json\/wp\/v2\/pages"}],"about":[{"href":"https:\/\/www.sysbee.net\/hr\/wp-json\/wp\/v2\/types\/page"}],"author":[{"embeddable":true,"href":"https:\/\/www.sysbee.net\/hr\/wp-json\/wp\/v2\/users\/8"}],"replies":[{"embeddable":true,"href":"https:\/\/www.sysbee.net\/hr\/wp-json\/wp\/v2\/comments?post=7263"}],"version-history":[{"count":19,"href":"https:\/\/www.sysbee.net\/hr\/wp-json\/wp\/v2\/pages\/7263\/revisions"}],"predecessor-version":[{"id":9069,"href":"https:\/\/www.sysbee.net\/hr\/wp-json\/wp\/v2\/pages\/7263\/revisions\/9069"}],"wp:attachment":[{"href":"https:\/\/www.sysbee.net\/hr\/wp-json\/wp\/v2\/media?parent=7263"}],"curies":[{"name":"wp","href":"https:\/\/api.w.org\/{rel}","templated":true}]}}