{"id":661,"date":"2016-07-05T08:01:38","date_gmt":"2016-07-05T08:01:38","guid":{"rendered":"http:\/\/sw-themes.com\/porto_dummy\/?page_id=573"},"modified":"2022-07-19T13:41:35","modified_gmt":"2022-07-19T11:41:35","slug":"proizvodi","status":"publish","type":"page","link":"https:\/\/www.sysbee.net\/hr\/proizvodi\/","title":{"rendered":"Proizvodi"},"content":{"rendered":"<div class=\"wpb-content-wrapper\"><p>[vc_row][vc_column][vc_column_text el_class=&#8221;lead&#8221;]<span style=\"font-size: 19px\">Odabirom jednog od na\u0161ih proizvoda &#8211; <a href=\"https:\/\/www.sysbee.net\/hr\/proizvodi\/gitlab-hosting\/\">Managed GitLab Hosting, <\/a><a href=\"https:\/\/www.sysbee.net\/hr\/proizvodi\/optimized-magento-hosting\/\">Optimized Magento Hosting<\/a> ili <a href=\"https:\/\/www.sysbee.net\/hr\/proizvodi\/shopware-optimized-hosting\/\">Optimized Shopware Hosting, <\/a>vi se mo\u017eete fokusirati na va\u0161 posao dok se mi brinemo o va\u0161oj infrastrukturi. Ne morate se brinuti oko backup-ova, update-ova, sigurnosti, mi \u0107emo to odraditi za vas!<\/span>[\/vc_column_text][\/vc_column][\/vc_row][vc_row][vc_column]<div class=\"porto-u-heading  wpb_custom_95aa9a11c17ad45cfabaf210d84ee7cc porto-u-1435\"><div class=\"porto-u-sub-heading\" style=\"\">\n<h2><strong>Za\u0161to odabrati Managed Gitlab, Magento Optimized Hosting ili Shopware Optimized Hosting?<\/strong><\/h2>\n<p><\/div><style>.porto-u-1435.porto-u-heading{text-align:left}<\/style><\/div>[vc_column_text el_class=&#8221;lead&#8221;]<span style=\"font-size: 16px\">S na\u0161im Managed Gitlab hosting paketima, brinemo se za va\u0161u Gitlab instancu umjesto vas i vodimo ra\u010duna da je sve a\u017eurno, potpuno sigurno i da radi bez pote\u0161ko\u0107a. Svi na\u0161i Gitlab paketi dolaze s 24\/7 GitLab proaktivnim supportom gdje reagiramo na sve probleme, \u010desto, puno prije nego \u0161to ih uop\u0107e primijetite. Paketi imaju uklju\u010denu tako\u0111er i namjensku GitLab instancu, prilago\u0111eno ime domene, besplatni SSL certifikat, sigurnosne kopije i \u0161ifriranje podataka u mirovanju.<\/span><\/p>\n<p><span style=\"font-size: 16px\">Za va\u0161u web trgovinu nudimo Magento Optimized hosting ili Shopware Optimized hosting pakete u svrhu funkcioniranja va\u0161e web trgovine. Paketi se sastoje od resursa koji vam omogu\u0107avanju rast trgovine i pove\u0107anje prometa bez problema sa stabilno\u0161\u0107u i preformansama. Pobrinuli smo se unutar svakog paketa uklju\u010diti na\u0161e dedicirane sysadmine, posebno konfigurirane sigurnosne postavke, prilagodljivu politiku sigurnosnih kopija, proaktivni support i napredne razvojne alate.<\/span>[\/vc_column_text][vc_separator color=&#8221;custom&#8221; accent_color=&#8221;#ffab00&#8243;][vc_empty_space height=&#8221;60px&#8221;][\/vc_column][\/vc_row][vc_row full_width=&#8221;stretch_row_content&#8221; parallax=&#8221;content-moving&#8221; parallax_image=&#8221;4001&#8243; parallax_speed_bg=&#8221;2.0&#8243; disable_element=&#8221;yes&#8221; css=&#8221;.vc_custom_1573476191311{padding-top: 200px !important;padding-bottom: 200px !important;}&#8221;][vc_column][\/vc_column][\/vc_row][vc_row wrap_container=&#8221;yes&#8221;][vc_column width=&#8221;1\/3&#8243;][vc_hoverbox image=&#8221;4820&#8243; primary_title=&#8221;&#8221; hover_title=&#8221;Managed GitLab Hosting&#8221; hover_title_font_container=&#8221;color:%23ffffff&#8221; hover_title_use_theme_fonts=&#8221;yes&#8221; hover_background_color=&#8221;custom&#8221; hover_btn_title=&#8221;Provjeri ponude!&#8221; hover_btn_skin=&#8221;light&#8221; use_custom_fonts_primary_title=&#8221;true&#8221; use_custom_fonts_hover_title=&#8221;true&#8221; hover_add_button=&#8221;true&#8221; hover_btn_link=&#8221;url:https%3A%2F%2Fwww.sysbee.net%2Fhr%2Fproizvodi%2Fgitlab-hosting%2F|title:Managed%20GitLab%20Hosting&#8221; hover_custom_background=&#8221;#ffab00&#8243;]<span style=\"color: #000000\">Odaberite prikladan Gitlab paket i u\u017eivajte u brojnim prednostima managed hostinga.<\/span>[\/vc_hoverbox][\/vc_column][vc_column width=&#8221;1\/3&#8243;][vc_hoverbox image=&#8221;4821&#8243; primary_title=&#8221;&#8221; hover_title=&#8221;Magento Optimized Hosting&#8221; hover_title_font_container=&#8221;color:%23ffffff&#8221; hover_title_use_theme_fonts=&#8221;yes&#8221; hover_background_color=&#8221;custom&#8221; hover_btn_title=&#8221;Provjeri ponude!&#8221; hover_btn_skin=&#8221;light&#8221; use_custom_fonts_primary_title=&#8221;true&#8221; use_custom_fonts_hover_title=&#8221;true&#8221; hover_add_button=&#8221;true&#8221; hover_btn_link=&#8221;url:https%3A%2F%2Fwww.sysbee.net%2Fhr%2Fproizvodi%2Foptimized-magento-hosting%2F|title:Optimized%20Magento%20Hosting&#8221; hover_custom_background=&#8221;#ffab00&#8243;]<span style=\"color: #000000\">Na\u0161 optimized Magento environment je dizajniran kako bi svaki online store funkcionirao besprijekorno.<\/span>[\/vc_hoverbox][\/vc_column][vc_column width=&#8221;1\/3&#8243;][vc_hoverbox image=&#8221;8166&#8243; primary_title=&#8221;&#8221; hover_title=&#8221;Shopware Optimized Hosting&#8221; hover_title_font_container=&#8221;color:%23ffffff&#8221; hover_title_use_theme_fonts=&#8221;yes&#8221; hover_background_color=&#8221;custom&#8221; hover_btn_title=&#8221;Provjeri ponude!&#8221; hover_btn_skin=&#8221;light&#8221; use_custom_fonts_primary_title=&#8221;true&#8221; use_custom_fonts_hover_title=&#8221;true&#8221; hover_add_button=&#8221;true&#8221; hover_btn_link=&#8221;url:https%3A%2F%2Fwww.sysbee.net%2Fhr%2Fproizvodi%2Fshopware-optimized-hosting%2F&#8221; hover_custom_background=&#8221;#ffab00&#8243;]<span style=\"color: #000000\">Kvalitetna infrastruktura s rje\u0161enjima prilago\u0111enim va\u0161im potrebama po znatno ni\u017eoj cijeni i uz potpunu kontrolu nad va\u0161im tro\u0161kovima.<\/span>[\/vc_hoverbox][\/vc_column][\/vc_row][vc_row][vc_column][vc_empty_space height=&#8221;120px&#8221;][\/vc_column][\/vc_row][vc_row wrap_container=&#8221;yes&#8221;][vc_column][vc_cta h2=&#8221;Va\u0161 se projekt ne uklapa na\u0161e pakete?&#8221; h2_font_container=&#8221;tag:h2|font_size:1.8em|text_align:left|color:%23000000|line_height:24px&#8221; h2_use_theme_fonts=&#8221;yes&#8221; h4=&#8221;Slo\u017eit \u0107emo uslugu po va\u0161oj mjeri!&#8221; h4_font_container=&#8221;tag:h2|font_size:1.2em|text_align:left|color:%23787878|line_height:22px&#8221; h4_use_theme_fonts=&#8221;yes&#8221; style=&#8221;outline&#8221; color=&#8221;grey&#8221; add_button=&#8221;right&#8221; btn_title=&#8221;Contact us&#8221; btn_skin=&#8221;primary&#8221; btn_show_arrow=&#8221;yes&#8221; use_custom_fonts_h2=&#8221;true&#8221; use_custom_fonts_h4=&#8221;true&#8221; btn_el_id=&#8221;feedback-form&#8221;][\/vc_cta][vc_empty_space height=&#8221;120px&#8221;][\/vc_column][\/vc_row]<\/p>\n<\/div>","protected":false},"excerpt":{"rendered":"<p>[vc_row][vc_column][vc_column_text el_class=&#8221;lead&#8221;]Odabirom jednog od na\u0161ih proizvoda &#8211; Managed GitLab Hosting, Optimized Magento Hosting ili Optimized Shopware Hosting, vi se mo\u017eete fokusirati na va\u0161 posao dok se mi brinemo o va\u0161oj infrastrukturi. Ne morate se brinuti oko backup-ova, update-ova, sigurnosti, mi \u0107emo to odraditi za vas![\/vc_column_text][\/vc_column][\/vc_row][vc_row][vc_column][vc_column_text el_class=&#8221;lead&#8221;]S na\u0161im Managed Gitlab hosting paketima, brinemo se za va\u0161u [&hellip;]<\/p>\n","protected":false},"author":3,"featured_media":0,"parent":0,"menu_order":0,"comment_status":"closed","ping_status":"closed","template":"","meta":{"inline_featured_image":false,"footnotes":""},"yoast_head":"<!-- This site is optimized with the Yoast SEO plugin v22.4 - https:\/\/yoast.com\/wordpress\/plugins\/seo\/ -->\n<title>Managed GitLab &amp; Magento and Shopware Hosting - Sysbee - HR<\/title>\n<meta name=\"description\" content=\"S na\u0161im Managed GitLab Hosting paketima, brinemo o va\u0161oj Gitlab instanci. Za va\u0161 webshop, nudimo Optimized Magento i Shopware Hosting pakete.\" \/>\n<meta name=\"robots\" content=\"index, follow, max-snippet:-1, max-image-preview:large, max-video-preview:-1\" \/>\n<link rel=\"canonical\" href=\"https:\/\/www.sysbee.net\/hr\/proizvodi\/\" \/>\n<meta property=\"og:locale\" content=\"hr_HR\" \/>\n<meta property=\"og:type\" content=\"article\" \/>\n<meta property=\"og:title\" content=\"Managed GitLab &amp; Magento and Shopware Hosting - Sysbee - HR\" \/>\n<meta property=\"og:description\" content=\"S na\u0161im Managed GitLab Hosting paketima, brinemo o va\u0161oj Gitlab instanci. Za va\u0161 webshop, nudimo Optimized Magento i Shopware Hosting pakete.\" \/>\n<meta property=\"og:url\" content=\"https:\/\/www.sysbee.net\/hr\/proizvodi\/\" \/>\n<meta property=\"og:site_name\" content=\"Sysbee - HR\" \/>\n<meta property=\"article:modified_time\" content=\"2022-07-19T11:41:35+00:00\" \/>\n<meta name=\"twitter:card\" content=\"summary_large_image\" \/>\n<meta name=\"twitter:label1\" content=\"Procijenjeno vrijeme \u010ditanja\" \/>\n\t<meta name=\"twitter:data1\" content=\"2 minute\" \/>\n<script type=\"application\/ld+json\" class=\"yoast-schema-graph\">{\"@context\":\"https:\/\/schema.org\",\"@graph\":[{\"@type\":\"WebPage\",\"@id\":\"https:\/\/www.sysbee.net\/hr\/proizvodi\/\",\"url\":\"https:\/\/www.sysbee.net\/hr\/proizvodi\/\",\"name\":\"Managed GitLab & Magento and Shopware Hosting - Sysbee - HR\",\"isPartOf\":{\"@id\":\"https:\/\/www.sysbee.net\/hr\/#website\"},\"datePublished\":\"2016-07-05T08:01:38+00:00\",\"dateModified\":\"2022-07-19T11:41:35+00:00\",\"description\":\"S na\u0161im Managed GitLab Hosting paketima, brinemo o va\u0161oj Gitlab instanci. Za va\u0161 webshop, nudimo Optimized Magento i Shopware Hosting pakete.\",\"breadcrumb\":{\"@id\":\"https:\/\/www.sysbee.net\/hr\/proizvodi\/#breadcrumb\"},\"inLanguage\":\"hr\",\"potentialAction\":[{\"@type\":\"ReadAction\",\"target\":[\"https:\/\/www.sysbee.net\/hr\/proizvodi\/\"]}]},{\"@type\":\"BreadcrumbList\",\"@id\":\"https:\/\/www.sysbee.net\/hr\/proizvodi\/#breadcrumb\",\"itemListElement\":[{\"@type\":\"ListItem\",\"position\":1,\"name\":\"Home\",\"item\":\"https:\/\/www.sysbee.net\/hr\/\"},{\"@type\":\"ListItem\",\"position\":2,\"name\":\"Proizvodi\"}]},{\"@type\":\"WebSite\",\"@id\":\"https:\/\/www.sysbee.net\/hr\/#website\",\"url\":\"https:\/\/www.sysbee.net\/hr\/\",\"name\":\"Sysbee - HR\",\"description\":\"Sysbee - HR\",\"potentialAction\":[{\"@type\":\"SearchAction\",\"target\":{\"@type\":\"EntryPoint\",\"urlTemplate\":\"https:\/\/www.sysbee.net\/hr\/?s={search_term_string}\"},\"query-input\":\"required name=search_term_string\"}],\"inLanguage\":\"hr\"}]}<\/script>\n<!-- \/ Yoast SEO plugin. -->","yoast_head_json":{"title":"Managed GitLab & Magento and Shopware Hosting - Sysbee - HR","description":"S na\u0161im Managed GitLab Hosting paketima, brinemo o va\u0161oj Gitlab instanci. Za va\u0161 webshop, nudimo Optimized Magento i Shopware Hosting pakete.","robots":{"index":"index","follow":"follow","max-snippet":"max-snippet:-1","max-image-preview":"max-image-preview:large","max-video-preview":"max-video-preview:-1"},"canonical":"https:\/\/www.sysbee.net\/hr\/proizvodi\/","og_locale":"hr_HR","og_type":"article","og_title":"Managed GitLab & Magento and Shopware Hosting - Sysbee - HR","og_description":"S na\u0161im Managed GitLab Hosting paketima, brinemo o va\u0161oj Gitlab instanci. Za va\u0161 webshop, nudimo Optimized Magento i Shopware Hosting pakete.","og_url":"https:\/\/www.sysbee.net\/hr\/proizvodi\/","og_site_name":"Sysbee - HR","article_modified_time":"2022-07-19T11:41:35+00:00","twitter_card":"summary_large_image","twitter_misc":{"Procijenjeno vrijeme \u010ditanja":"2 minute"},"schema":{"@context":"https:\/\/schema.org","@graph":[{"@type":"WebPage","@id":"https:\/\/www.sysbee.net\/hr\/proizvodi\/","url":"https:\/\/www.sysbee.net\/hr\/proizvodi\/","name":"Managed GitLab & Magento and Shopware Hosting - Sysbee - HR","isPartOf":{"@id":"https:\/\/www.sysbee.net\/hr\/#website"},"datePublished":"2016-07-05T08:01:38+00:00","dateModified":"2022-07-19T11:41:35+00:00","description":"S na\u0161im Managed GitLab Hosting paketima, brinemo o va\u0161oj Gitlab instanci. Za va\u0161 webshop, nudimo Optimized Magento i Shopware Hosting pakete.","breadcrumb":{"@id":"https:\/\/www.sysbee.net\/hr\/proizvodi\/#breadcrumb"},"inLanguage":"hr","potentialAction":[{"@type":"ReadAction","target":["https:\/\/www.sysbee.net\/hr\/proizvodi\/"]}]},{"@type":"BreadcrumbList","@id":"https:\/\/www.sysbee.net\/hr\/proizvodi\/#breadcrumb","itemListElement":[{"@type":"ListItem","position":1,"name":"Home","item":"https:\/\/www.sysbee.net\/hr\/"},{"@type":"ListItem","position":2,"name":"Proizvodi"}]},{"@type":"WebSite","@id":"https:\/\/www.sysbee.net\/hr\/#website","url":"https:\/\/www.sysbee.net\/hr\/","name":"Sysbee - HR","description":"Sysbee - HR","potentialAction":[{"@type":"SearchAction","target":{"@type":"EntryPoint","urlTemplate":"https:\/\/www.sysbee.net\/hr\/?s={search_term_string}"},"query-input":"required name=search_term_string"}],"inLanguage":"hr"}]}},"_links":{"self":[{"href":"https:\/\/www.sysbee.net\/hr\/wp-json\/wp\/v2\/pages\/661"}],"collection":[{"href":"https:\/\/www.sysbee.net\/hr\/wp-json\/wp\/v2\/pages"}],"about":[{"href":"https:\/\/www.sysbee.net\/hr\/wp-json\/wp\/v2\/types\/page"}],"author":[{"embeddable":true,"href":"https:\/\/www.sysbee.net\/hr\/wp-json\/wp\/v2\/users\/3"}],"replies":[{"embeddable":true,"href":"https:\/\/www.sysbee.net\/hr\/wp-json\/wp\/v2\/comments?post=661"}],"version-history":[{"count":10,"href":"https:\/\/www.sysbee.net\/hr\/wp-json\/wp\/v2\/pages\/661\/revisions"}],"predecessor-version":[{"id":8834,"href":"https:\/\/www.sysbee.net\/hr\/wp-json\/wp\/v2\/pages\/661\/revisions\/8834"}],"wp:attachment":[{"href":"https:\/\/www.sysbee.net\/hr\/wp-json\/wp\/v2\/media?parent=661"}],"curies":[{"name":"wp","href":"https:\/\/api.w.org\/{rel}","templated":true}]}}