{"id":6091,"date":"2020-06-12T08:00:03","date_gmt":"2020-06-12T08:00:03","guid":{"rendered":"https:\/\/wphr.sysbee.net\/?page_id=6091"},"modified":"2022-07-29T11:49:21","modified_gmt":"2022-07-29T09:49:21","slug":"model-podijeljene-odgovornosti","status":"publish","type":"page","link":"https:\/\/www.sysbee.net\/hr\/model-podijeljene-odgovornosti\/","title":{"rendered":"Model podijeljene odgovornosti"},"content":{"rendered":"<div class=\"wpb-content-wrapper\"><p>[vc_row][vc_column]<div class=\"porto-u-heading  wpb_custom_95aa9a11c17ad45cfabaf210d84ee7cc porto-u-5083\"><div class=\"porto-u-sub-heading\" style=\"\">\n<h2><span style=\"color: #ffab00\">Tko je odgovoran<\/span> za \u0161to?<\/h2>\n<p><\/div><style>.porto-u-5083.porto-u-heading{text-align:left}<\/style><\/div>[vc_column_text el_class=&#8221;lead&#8221;]<span style=\"font-size: 19px\">Model podijeljene odgovornosti uveli smo radi lak\u0161eg razumijevanja uloga izme\u0111u Sysbee-a i korisnika. Iako je Sysbee odgovoran za infrastrukturu, korisnik i dalje ostaje odgovoran za aplikacije instalirane na servere. <\/span>[\/vc_column_text][\/vc_column][\/vc_row][vc_row full_width=&#8221;stretch_row&#8221; content_placement=&#8221;middle&#8221; parallax=&#8221;content-moving&#8221; parallax_image=&#8221;6130&#8243; css=&#8221;.vc_custom_1594293666779{padding-top: 200px !important;padding-bottom: 200px !important;}&#8221;][vc_column][\/vc_column][\/vc_row][vc_row][vc_column][\/vc_column][\/vc_row][vc_row][vc_column width=&#8221;2\/3&#8243;]<div class=\"porto-u-heading  wpb_custom_95aa9a11c17ad45cfabaf210d84ee7cc porto-u-1553\"><div class=\"porto-u-main-heading\"><h3  >Model podijeljene odgovornosti<\/h3><\/div><style>.porto-u-1553.porto-u-heading{text-align:left}<\/style><\/div>[vc_column_text]<span style=\"font-size: 16px\">S na\u0161im Managed Services (Managed Infrastructure, Managed AWS, Managed Magento and Managed GitLab), Sysbee je odgovoran za odr\u017eavanje servera u ispravnom stanju i osiguravanje ispravnog rada infrastrukture. S druge strane, Korisnik je odgovoran za aplikacije, bazu podataka i sve ostalo instalirano na serveru.<\/span>[\/vc_column_text]<div class=\"porto-u-heading  wpb_custom_95aa9a11c17ad45cfabaf210d84ee7cc porto-u-2264\"><div class=\"porto-u-main-heading\"><h3  >Odgovornosti Sysbee-a<\/h3><\/div><style>.porto-u-2264.porto-u-heading{text-align:left}<\/style><\/div>[vc_column_text]<span style=\"font-size: 16px\">Sysbee je odgovoran za svu infrastrukturu koju je korisnik odabrao za svoje poslovanje te za istu uzeo Sysbee usluge uzdr\u017eavanja. Infrastruktura se sastoji od hardvera, sofware-a, mre\u017ee i sadr\u017eaja koji pokre\u0107e Sysbee usluge. Sysbee je odgovoran za servere, bilo fizi\u010dke ili virtualne (pra\u0107enje, performanse, nadogradnje i regularno odr\u017eavanje), kao i za mre\u017eu koju ti isti serveri koriste.<\/span>[\/vc_column_text]<div class=\"porto-u-heading  wpb_custom_95aa9a11c17ad45cfabaf210d84ee7cc porto-u-5793\"><div class=\"porto-u-main-heading\"><h3  >Odgovornosti Korisnika<\/h3><\/div><style>.porto-u-5793.porto-u-heading{text-align:left}<\/style><\/div>[vc_column_text]<span style=\"font-size: 16px\">Korisnik preuzima odgovornost upravljanja svim web aplikacijama koje se nalaze na gore spomenutim serverima, uklju\u010duju\u0107i potrebna a\u017euriranja, sigurnost (malware, pristup, itd.), bilo kakvih pote\u0161ko\u0107a nastalih od tre\u0107e strane itd.<\/span>[\/vc_column_text][\/vc_column][vc_column width=&#8221;1\/3&#8243;]<div class=\"porto-u-heading  wpb_custom_95aa9a11c17ad45cfabaf210d84ee7cc porto-u-7885\"><div class=\"porto-u-sub-heading\" style=\"\">\n<h2>Pravni dokumenti<\/h2>\n<p><\/div><style>.porto-u-7885.porto-u-heading{text-align:left}<\/style><\/div>[vc_wp_custommenu nav_menu=&#8221;165&#8243;][\/vc_column][\/vc_row][vc_row][vc_column][vc_column_text]<\/p>\n<table class=\"tg\">\n<thead>\n<tr>\n<th class=\"tg-ujx6\"><\/th>\n<th class=\"tg-j2kw\">Odgovornost<\/th>\n<th class=\"tg-6u9q\">Klijent<\/th>\n<th class=\"tg-6u9q\">Sysbee<\/th>\n<\/tr>\n<\/thead>\n<tbody>\n<tr>\n<td class=\"tg-y0n7\" rowspan=\"10\"><span style=\"font-weight: normal\">Sigurnost<\/span><\/td>\n<td class=\"tg-y0hg\"><span style=\"font-weight: normal\">Sigurnost web aplikacije<\/span><\/td>\n<td class=\"tg-d89h\"><span style=\"font-weight: normal;color: #34a853;background-color: #fff\">\u2713<\/span><\/td>\n<td class=\"tg-lp7y\"><span style=\"font-weight: normal;color: #ea4335;background-color: #fff\">\u2717<\/span><\/td>\n<\/tr>\n<tr>\n<td class=\"tg-y0hg\"><span style=\"font-weight: normal\">Data enkripcija web aplikacije i cjelovitost podataka<\/span><\/td>\n<td class=\"tg-d89h\"><span style=\"font-weight: normal;color: #34a853;background-color: #fff\">\u2713<\/span><\/td>\n<td class=\"tg-lp7y\"><span style=\"font-weight: normal;color: #ea4335;background-color: #fff\">\u2717<\/span><\/td>\n<\/tr>\n<tr>\n<td class=\"tg-y0hg\"><span style=\"font-weight: normal\">Upravljanje pristupom za web aplikacije<\/span><\/td>\n<td class=\"tg-d89h\"><span style=\"font-weight: normal;color: #34a853;background-color: #fff\">\u2713<\/span><\/td>\n<td class=\"tg-lp7y\"><span style=\"font-weight: normal;color: #ea4335;background-color: #fff\">\u2717<\/span><\/td>\n<\/tr>\n<tr>\n<td class=\"tg-y0hg\"><span style=\"font-weight: normal\">Local backup<\/span><\/td>\n<td class=\"tg-d89h\"><span style=\"font-weight: normal;color: #34a853;background-color: #fff\">\u2713<\/span><\/td>\n<td class=\"tg-lp7y\"><span style=\"font-weight: normal;color: #ea4335;background-color: #fff\">\u2717<\/span><\/td>\n<\/tr>\n<tr>\n<td class=\"tg-y0hg\"><span style=\"font-weight: normal\">Osposobljavanje zaposlenika za primjenu najboljih sigurnosnih praksi<\/span><\/td>\n<td class=\"tg-d89h\"><span style=\"font-weight: normal;color: #34a853;background-color: #fff\">\u2713<\/span><\/td>\n<td class=\"tg-lp7y\"><span style=\"font-weight: normal;color: #ea4335;background-color: #fff\">\u2717<\/span><\/td>\n<\/tr>\n<tr>\n<td class=\"tg-y0hg\"><span style=\"font-weight: normal\">Konfiguracija OS-a, firewall-a i network-a<\/span><\/td>\n<td class=\"tg-lp7y\"><span style=\"font-weight: normal;color: #ea4335;background-color: #fff\">\u2717<\/span><\/td>\n<td class=\"tg-d89h\"><span style=\"font-weight: normal;color: #34a853;background-color: #fff\">\u2713<\/span><\/td>\n<\/tr>\n<tr>\n<td class=\"tg-y0hg\"><span style=\"font-weight: normal\">Sigurnost mre\u017enog prometa<\/span><\/td>\n<td class=\"tg-lp7y\"><span style=\"font-weight: normal;color: #ea4335;background-color: #fff\">\u2717<\/span><\/td>\n<td class=\"tg-d89h\"><span style=\"font-weight: normal;color: #34a853;background-color: #fff\">\u2713<\/span><\/td>\n<\/tr>\n<tr>\n<td class=\"tg-y0hg\"><span style=\"font-weight: normal\">\u0160ifriranje na strani poslu\u017eitelja<\/span><\/td>\n<td class=\"tg-lp7y\"><span style=\"font-weight: normal;color: #ea4335;background-color: #fff\">\u2717<\/span><\/td>\n<td class=\"tg-d89h\"><span style=\"font-weight: normal;color: #34a853;background-color: #fff\">\u2713<\/span><\/td>\n<\/tr>\n<tr>\n<td class=\"tg-y0hg\"><span style=\"font-weight: normal\">Upravljanje pristupom na strani poslu\u017eitelja<\/span><\/td>\n<td class=\"tg-lp7y\"><span style=\"font-weight: normal;color: #ea4335;background-color: #fff\">\u2717<\/span><\/td>\n<td class=\"tg-d89h\"><span style=\"font-weight: normal;color: #34a853;background-color: #fff\">\u2713<\/span><\/td>\n<\/tr>\n<tr>\n<td class=\"tg-y0hg\"><span style=\"font-weight: normal\">Sigurnosna kopija na serveru<\/span><\/td>\n<td class=\"tg-lp7y\"><span style=\"font-weight: normal;color: #ea4335;background-color: #fff\">\u2717<\/span><\/td>\n<td class=\"tg-d89h\"><span style=\"font-weight: normal;color: #34a853;background-color: #fff\">\u2713<\/span><\/td>\n<\/tr>\n<tr>\n<td class=\"tg-y0n7\" rowspan=\"9\"><span style=\"font-weight: normal\">Odr\u017eavanje<\/span><\/td>\n<td class=\"tg-y0hg\"><span style=\"font-weight: normal\">Razvoj web aplikacija<\/span><\/td>\n<td class=\"tg-d89h\"><span style=\"font-weight: normal;color: #34a853;background-color: #fff\">\u2713<\/span><\/td>\n<td class=\"tg-lp7y\"><span style=\"font-weight: normal;color: #ea4335;background-color: #fff\">\u2717<\/span><\/td>\n<\/tr>\n<tr>\n<td class=\"tg-y0hg\"><span style=\"font-weight: normal\">A\u017euriranje web aplikacija<\/span><\/td>\n<td class=\"tg-d89h\"><span style=\"font-weight: normal;color: #34a853;background-color: #fff\">\u2713<\/span><\/td>\n<td class=\"tg-lp7y\"><span style=\"font-weight: normal;color: #ea4335;background-color: #fff\">\u2717<\/span><\/td>\n<\/tr>\n<tr>\n<td class=\"tg-y0hg\"><span style=\"font-weight: normal\">Odr\u017eavanje lokalnog harware-a ili software-a<\/span><\/td>\n<td class=\"tg-d89h\"><span style=\"font-weight: normal;color: #34a853;background-color: #fff\">\u2713<\/span><\/td>\n<td class=\"tg-lp7y\"><span style=\"font-weight: normal;color: #ea4335;background-color: #fff\">\u2717<\/span><\/td>\n<\/tr>\n<tr>\n<td class=\"tg-y0hg\"><span style=\"font-weight: normal\">Postavljanje i konfiguracija poslu\u017eitelja<\/span><\/td>\n<td class=\"tg-lp7y\"><span style=\"font-weight: normal;color: #ea4335;background-color: #fff\">\u2717<\/span><\/td>\n<td class=\"tg-d89h\"><span style=\"font-weight: normal;color: #34a853;background-color: #fff\">\u2713<\/span><\/td>\n<\/tr>\n<tr>\n<td class=\"tg-y0hg\"><span style=\"font-weight: normal\">A\u017euriranje OS poslu\u017eitelja<\/span><\/td>\n<td class=\"tg-lp7y\"><span style=\"font-weight: normal;color: #ea4335;background-color: #fff\">\u2717<\/span><\/td>\n<td class=\"tg-d89h\"><span style=\"font-weight: normal;color: #34a853;background-color: #fff\">\u2713<\/span><\/td>\n<\/tr>\n<tr>\n<td class=\"tg-y0hg\"><span style=\"font-weight: normal\">Odr\u017eavanje servera i mre\u017ee<\/span><\/td>\n<td class=\"tg-lp7y\"><span style=\"font-weight: normal;color: #ea4335;background-color: #fff\">\u2717<\/span><\/td>\n<td class=\"tg-d89h\"><span style=\"font-weight: normal;color: #34a853;background-color: #fff\">\u2713<\/span><\/td>\n<\/tr>\n<tr>\n<td class=\"tg-y0hg\"><span style=\"font-weight: normal\">Planiranje kapaciteta i odr\u017eavanje ravnote\u017ee optere\u0107enja<\/span><\/td>\n<td class=\"tg-lp7y\"><span style=\"font-weight: normal;color: #ea4335;background-color: #fff\">\u2717<\/span><\/td>\n<td class=\"tg-d89h\"><span style=\"font-weight: normal;color: #34a853;background-color: #fff\">\u2713<\/span><\/td>\n<\/tr>\n<tr>\n<td class=\"tg-y0hg\"><span style=\"font-weight: normal\">Pra\u0107enje serverskih preformansi<\/span><\/td>\n<td class=\"tg-lp7y\"><span style=\"font-weight: normal;color: #ea4335;background-color: #fff\">\u2717<\/span><\/td>\n<td class=\"tg-d89h\"><span style=\"font-weight: normal;color: #34a853;background-color: #fff\">\u2713<\/span><\/td>\n<\/tr>\n<tr>\n<td class=\"tg-y0hg\"><span style=\"font-weight: normal\">Otklanjanje gre\u0161aka web aplikacije<\/span><\/td>\n<td class=\"tg-d89h\"><span style=\"font-weight: normal;color: #34a853;background-color: #fff\">\u2713<\/span><\/td>\n<td class=\"tg-lp7y\"><span style=\"font-weight: normal;color: #ea4335;background-color: #fff\">\u2717<\/span><\/td>\n<\/tr>\n<tr>\n<td class=\"tg-y0n7\" rowspan=\"9\"><span style=\"font-weight: normal\">Rje\u0161avanje problema<\/span><\/td>\n<td class=\"tg-y0hg\"><span style=\"font-weight: normal\">Rje\u0161avanje problema s lokalnom mre\u017eom<\/span><\/td>\n<td class=\"tg-d89h\"><span style=\"font-weight: normal;color: #34a853;background-color: #fff\">\u2713<\/span><\/td>\n<td class=\"tg-lp7y\"><span style=\"font-weight: normal;color: #ea4335;background-color: #fff\">\u2717<\/span><\/td>\n<\/tr>\n<tr>\n<td class=\"tg-y0hg\"><span style=\"font-weight: normal\">Rje\u0161avanje problema s lokalnim harware-om<\/span><\/td>\n<td class=\"tg-d89h\"><span style=\"font-weight: normal;color: #34a853;background-color: #fff\">\u2713<\/span><\/td>\n<td class=\"tg-lp7y\"><span style=\"font-weight: normal;color: #ea4335;background-color: #fff\">\u2717<\/span><\/td>\n<\/tr>\n<tr>\n<td class=\"tg-y0hg\"><span style=\"font-weight: normal\">Uklanjanje malware-a na kod web aplikacije<\/span><\/td>\n<td class=\"tg-d89h\"><span style=\"font-weight: normal;color: #34a853;background-color: #fff\">\u2713<\/span><\/td>\n<td class=\"tg-lp7y\"><span style=\"font-weight: normal;color: #ea4335;background-color: #fff\">\u2717<\/span><\/td>\n<\/tr>\n<tr>\n<td class=\"tg-y0hg\"><span style=\"font-weight: normal\">Dizajn database scheme i optimizacije upita<\/span><\/td>\n<td class=\"tg-d89h\"><span style=\"font-weight: normal;color: #34a853;background-color: #fff\">\u2713<\/span><\/td>\n<td class=\"tg-lp7y\"><span style=\"font-weight: normal;color: #ea4335;background-color: #fff\">\u2717<\/span><\/td>\n<\/tr>\n<tr>\n<td class=\"tg-y0hg\"><span style=\"font-weight: normal\">Rje\u0161avanje problema povezanih s programima ili dodatcima tre\u0107e strane<\/span><\/td>\n<td class=\"tg-d89h\"><span style=\"font-weight: normal;color: #34a853;background-color: #fff\">\u2713<\/span><\/td>\n<td class=\"tg-lp7y\"><span style=\"font-weight: normal;color: #ea4335;background-color: #fff\">\u2717<\/span><\/td>\n<\/tr>\n<tr>\n<td class=\"tg-y0hg\"><span style=\"font-weight: normal\">Rje\u0161avanje SEO problematike<\/span><\/td>\n<td class=\"tg-d89h\"><span style=\"font-weight: normal;color: #34a853;background-color: #fff\">\u2713<\/span><\/td>\n<td class=\"tg-lp7y\"><span style=\"font-weight: normal;color: #ea4335;background-color: #fff\">\u2717<\/span><\/td>\n<\/tr>\n<tr>\n<td class=\"tg-y0hg\"><span style=\"font-weight: normal\">Otklanjanje gre\u0161aka u izvedbi poslu\u017eitelja<\/span><\/td>\n<td class=\"tg-lp7y\"><span style=\"font-weight: normal;color: #ea4335;background-color: #fff\">\u2717<\/span><\/td>\n<td class=\"tg-d89h\"><span style=\"font-weight: normal;color: #34a853;background-color: #fff\">\u2713<\/span><\/td>\n<\/tr>\n<tr>\n<td class=\"tg-y0hg\"><span style=\"font-weight: normal\">Rje\u0161avanje problema s mre\u017eom poslu\u017eitelja<\/span><\/td>\n<td class=\"tg-lp7y\"><span style=\"font-weight: normal;color: #ea4335;background-color: #fff\">\u2717<\/span><\/td>\n<td class=\"tg-d89h\"><span style=\"font-weight: normal;color: #34a853;background-color: #fff\">\u2713<\/span><\/td>\n<\/tr>\n<tr>\n<td class=\"tg-y0hg\"><span style=\"font-weight: normal\">Vra\u0107anje sigurnosne kopije web aplikacija (na zahtjev)<\/span><\/td>\n<td class=\"tg-lp7y\"><span style=\"font-weight: normal;color: #ea4335;background-color: #fff\">\u2717<\/span><\/td>\n<td class=\"tg-d89h\"><span style=\"font-weight: normal;color: #34a853;background-color: #fff\">\u2713<\/span><\/td>\n<\/tr>\n<\/tbody>\n<\/table>\n<p>[\/vc_column_text][\/vc_column][\/vc_row][vc_row][vc_column]<div class=\"porto-u-heading  wpb_custom_95aa9a11c17ad45cfabaf210d84ee7cc porto-u-9980\"><div class=\"porto-u-main-heading\"><h3  >Ukratko o modelu podijeljene odgovornosti<\/h3><\/div><style>.porto-u-9980.porto-u-heading{text-align:left}<\/style><\/div>[vc_column_text]<span style=\"font-weight: 400;font-size: 16px\">Model podijeljene odgovornosti zna\u010di da je Sysbee odgovoran za pra\u0107enje i odr\u017eavanje infrastrukture dok je Korisnik odgovoran za funkcionalnost aplikacija. Sysbee se slu\u017ei svojom infrastrukturom te je zadu\u017een za konfiguraciju istih, dok je Korisnik odgovoran za konfiguraciju vlastitih baza podataka i aplikacija. I posljednje, Sysbee je zadu\u017een za obu\u010davanje svojih zaposlenika, a Korisnik je zadu\u017een za obu\u010davanje svojih zaposlenika.<\/span>[\/vc_column_text][\/vc_column][\/vc_row][vc_row][vc_column][vc_cta h2=&#8221;Jo\u0161 uvijek niste sigurni tko je odgovoran za \u0161to?&#8221; h4=&#8221;Obratite nam se i rado \u0107emo odgovoriti na sva va\u0161a pitanja&#8221; txt_align=&#8221;center&#8221; style=&#8221;outline&#8221; add_button=&#8221;right&#8221; btn_title=&#8221;Saznaj vi\u0161e&#8221; btn_skin=&#8221;primary&#8221; btn_show_arrow=&#8221;yes&#8221; btn_el_id=&#8221;feedback-form&#8221;][\/vc_cta][\/vc_column][\/vc_row][vc_row][vc_column][vc_column_text]<\/p>\n<h3>For the English version of Shared responsibility model, please click <a href=\"https:\/\/www.sysbee.net\/shared-responsibility-model\/\">here<\/a>.<\/h3>\n<p>[\/vc_column_text][\/vc_column][\/vc_row][vc_row][vc_column][\/vc_column][\/vc_row][vc_row][vc_column][\/vc_column][\/vc_row][vc_row][vc_column][\/vc_column][\/vc_row]<\/p>\n<\/div>","protected":false},"excerpt":{"rendered":"<p>[vc_row][vc_column][vc_column_text el_class=&#8221;lead&#8221;]Model podijeljene odgovornosti uveli smo radi lak\u0161eg razumijevanja uloga izme\u0111u Sysbee-a i korisnika. Iako je Sysbee odgovoran za infrastrukturu, korisnik i dalje ostaje odgovoran za aplikacije instalirane na servere. [\/vc_column_text][\/vc_column][\/vc_row][vc_row full_width=&#8221;stretch_row&#8221; content_placement=&#8221;middle&#8221; parallax=&#8221;content-moving&#8221; parallax_image=&#8221;6130&#8243; css=&#8221;.vc_custom_1594293666779{padding-top: 200px !important;padding-bottom: 200px !important;}&#8221;][vc_column][\/vc_column][\/vc_row][vc_row][vc_column][\/vc_column][\/vc_row][vc_row][vc_column width=&#8221;2\/3&#8243;][vc_column_text]S na\u0161im Managed Services (Managed Infrastructure, Managed AWS, Managed Magento and Managed GitLab), Sysbee je [&hellip;]<\/p>\n","protected":false},"author":4,"featured_media":0,"parent":0,"menu_order":0,"comment_status":"closed","ping_status":"closed","template":"","meta":{"inline_featured_image":false,"footnotes":""},"yoast_head":"<!-- This site is optimized with the Yoast SEO plugin v22.4 - https:\/\/yoast.com\/wordpress\/plugins\/seo\/ -->\n<title>Model podijeljene odgovornosti - tko je odgovoran za \u0161ta - Sysbee - HR<\/title>\n<meta name=\"description\" content=\"Model podijeljene odgovornosti - Sysbee je odgovoran za infrastrukturu, a korisnik za aplikacije, baze podataka i usluge na poslu\u017eiteljima.\" \/>\n<meta name=\"robots\" content=\"index, follow, max-snippet:-1, max-image-preview:large, max-video-preview:-1\" \/>\n<link rel=\"canonical\" href=\"https:\/\/www.sysbee.net\/hr\/model-podijeljene-odgovornosti\/\" \/>\n<meta property=\"og:locale\" content=\"hr_HR\" \/>\n<meta property=\"og:type\" content=\"article\" \/>\n<meta property=\"og:title\" content=\"Model podijeljene odgovornosti - tko je odgovoran za \u0161ta - Sysbee - HR\" \/>\n<meta property=\"og:description\" content=\"Model podijeljene odgovornosti - Sysbee je odgovoran za infrastrukturu, a korisnik za aplikacije, baze podataka i usluge na poslu\u017eiteljima.\" \/>\n<meta property=\"og:url\" content=\"https:\/\/www.sysbee.net\/hr\/model-podijeljene-odgovornosti\/\" \/>\n<meta property=\"og:site_name\" content=\"Sysbee - HR\" \/>\n<meta property=\"article:modified_time\" content=\"2022-07-29T09:49:21+00:00\" \/>\n<meta name=\"twitter:card\" content=\"summary_large_image\" \/>\n<meta name=\"twitter:label1\" content=\"Procijenjeno vrijeme \u010ditanja\" \/>\n\t<meta name=\"twitter:data1\" content=\"3 minute\" \/>\n<script type=\"application\/ld+json\" class=\"yoast-schema-graph\">{\"@context\":\"https:\/\/schema.org\",\"@graph\":[{\"@type\":\"WebPage\",\"@id\":\"https:\/\/www.sysbee.net\/hr\/model-podijeljene-odgovornosti\/\",\"url\":\"https:\/\/www.sysbee.net\/hr\/model-podijeljene-odgovornosti\/\",\"name\":\"Model podijeljene odgovornosti - tko je odgovoran za \u0161ta - Sysbee - HR\",\"isPartOf\":{\"@id\":\"https:\/\/www.sysbee.net\/hr\/#website\"},\"datePublished\":\"2020-06-12T08:00:03+00:00\",\"dateModified\":\"2022-07-29T09:49:21+00:00\",\"description\":\"Model podijeljene odgovornosti - Sysbee je odgovoran za infrastrukturu, a korisnik za aplikacije, baze podataka i usluge na poslu\u017eiteljima.\",\"breadcrumb\":{\"@id\":\"https:\/\/www.sysbee.net\/hr\/model-podijeljene-odgovornosti\/#breadcrumb\"},\"inLanguage\":\"hr\",\"potentialAction\":[{\"@type\":\"ReadAction\",\"target\":[\"https:\/\/www.sysbee.net\/hr\/model-podijeljene-odgovornosti\/\"]}]},{\"@type\":\"BreadcrumbList\",\"@id\":\"https:\/\/www.sysbee.net\/hr\/model-podijeljene-odgovornosti\/#breadcrumb\",\"itemListElement\":[{\"@type\":\"ListItem\",\"position\":1,\"name\":\"Home\",\"item\":\"https:\/\/www.sysbee.net\/hr\/\"},{\"@type\":\"ListItem\",\"position\":2,\"name\":\"Model podijeljene odgovornosti\"}]},{\"@type\":\"WebSite\",\"@id\":\"https:\/\/www.sysbee.net\/hr\/#website\",\"url\":\"https:\/\/www.sysbee.net\/hr\/\",\"name\":\"Sysbee - HR\",\"description\":\"Sysbee - HR\",\"potentialAction\":[{\"@type\":\"SearchAction\",\"target\":{\"@type\":\"EntryPoint\",\"urlTemplate\":\"https:\/\/www.sysbee.net\/hr\/?s={search_term_string}\"},\"query-input\":\"required name=search_term_string\"}],\"inLanguage\":\"hr\"}]}<\/script>\n<!-- \/ Yoast SEO plugin. -->","yoast_head_json":{"title":"Model podijeljene odgovornosti - tko je odgovoran za \u0161ta - Sysbee - HR","description":"Model podijeljene odgovornosti - Sysbee je odgovoran za infrastrukturu, a korisnik za aplikacije, baze podataka i usluge na poslu\u017eiteljima.","robots":{"index":"index","follow":"follow","max-snippet":"max-snippet:-1","max-image-preview":"max-image-preview:large","max-video-preview":"max-video-preview:-1"},"canonical":"https:\/\/www.sysbee.net\/hr\/model-podijeljene-odgovornosti\/","og_locale":"hr_HR","og_type":"article","og_title":"Model podijeljene odgovornosti - tko je odgovoran za \u0161ta - Sysbee - HR","og_description":"Model podijeljene odgovornosti - Sysbee je odgovoran za infrastrukturu, a korisnik za aplikacije, baze podataka i usluge na poslu\u017eiteljima.","og_url":"https:\/\/www.sysbee.net\/hr\/model-podijeljene-odgovornosti\/","og_site_name":"Sysbee - HR","article_modified_time":"2022-07-29T09:49:21+00:00","twitter_card":"summary_large_image","twitter_misc":{"Procijenjeno vrijeme \u010ditanja":"3 minute"},"schema":{"@context":"https:\/\/schema.org","@graph":[{"@type":"WebPage","@id":"https:\/\/www.sysbee.net\/hr\/model-podijeljene-odgovornosti\/","url":"https:\/\/www.sysbee.net\/hr\/model-podijeljene-odgovornosti\/","name":"Model podijeljene odgovornosti - tko je odgovoran za \u0161ta - Sysbee - HR","isPartOf":{"@id":"https:\/\/www.sysbee.net\/hr\/#website"},"datePublished":"2020-06-12T08:00:03+00:00","dateModified":"2022-07-29T09:49:21+00:00","description":"Model podijeljene odgovornosti - Sysbee je odgovoran za infrastrukturu, a korisnik za aplikacije, baze podataka i usluge na poslu\u017eiteljima.","breadcrumb":{"@id":"https:\/\/www.sysbee.net\/hr\/model-podijeljene-odgovornosti\/#breadcrumb"},"inLanguage":"hr","potentialAction":[{"@type":"ReadAction","target":["https:\/\/www.sysbee.net\/hr\/model-podijeljene-odgovornosti\/"]}]},{"@type":"BreadcrumbList","@id":"https:\/\/www.sysbee.net\/hr\/model-podijeljene-odgovornosti\/#breadcrumb","itemListElement":[{"@type":"ListItem","position":1,"name":"Home","item":"https:\/\/www.sysbee.net\/hr\/"},{"@type":"ListItem","position":2,"name":"Model podijeljene odgovornosti"}]},{"@type":"WebSite","@id":"https:\/\/www.sysbee.net\/hr\/#website","url":"https:\/\/www.sysbee.net\/hr\/","name":"Sysbee - HR","description":"Sysbee - HR","potentialAction":[{"@type":"SearchAction","target":{"@type":"EntryPoint","urlTemplate":"https:\/\/www.sysbee.net\/hr\/?s={search_term_string}"},"query-input":"required name=search_term_string"}],"inLanguage":"hr"}]}},"_links":{"self":[{"href":"https:\/\/www.sysbee.net\/hr\/wp-json\/wp\/v2\/pages\/6091"}],"collection":[{"href":"https:\/\/www.sysbee.net\/hr\/wp-json\/wp\/v2\/pages"}],"about":[{"href":"https:\/\/www.sysbee.net\/hr\/wp-json\/wp\/v2\/types\/page"}],"author":[{"embeddable":true,"href":"https:\/\/www.sysbee.net\/hr\/wp-json\/wp\/v2\/users\/4"}],"replies":[{"embeddable":true,"href":"https:\/\/www.sysbee.net\/hr\/wp-json\/wp\/v2\/comments?post=6091"}],"version-history":[{"count":12,"href":"https:\/\/www.sysbee.net\/hr\/wp-json\/wp\/v2\/pages\/6091\/revisions"}],"predecessor-version":[{"id":8798,"href":"https:\/\/www.sysbee.net\/hr\/wp-json\/wp\/v2\/pages\/6091\/revisions\/8798"}],"wp:attachment":[{"href":"https:\/\/www.sysbee.net\/hr\/wp-json\/wp\/v2\/media?parent=6091"}],"curies":[{"name":"wp","href":"https:\/\/api.w.org\/{rel}","templated":true}]}}