{"id":5670,"date":"2020-05-06T10:11:22","date_gmt":"2020-05-06T10:11:22","guid":{"rendered":"https:\/\/wphr.sysbee.net\/?page_id=5670"},"modified":"2023-02-21T12:09:20","modified_gmt":"2023-02-21T10:09:20","slug":"uvjeti-placanja","status":"publish","type":"page","link":"https:\/\/www.sysbee.net\/hr\/uvjeti-placanja\/","title":{"rendered":"Uvjeti pla\u0107anja"},"content":{"rendered":"<div class=\"wpb-content-wrapper\"><p>[vc_row][vc_column][vc_column_text]<span style=\"font-weight: 400;font-size: 19px\">Usluge koje pru\u017ea System Bee d.o.o. (dalje u tekstu: Sysbee) pla\u0107aju se unaprijed (avansno odnosno prepaid) ili retrogradno (postpaid) ovisno o ugovorenom platnom modelu. Avansno pla\u0107anje prve ponude preduvjet je za aktivaciju, pru\u017eanje i produ\u017eenje usluge u oba platna modela.<\/span><\/p>\n<p><span style=\"font-size: 19px\"><span style=\"font-weight: 400\">Pla\u0107anje \u0107e se smatrati izvr\u0161enim u trenutku kada nov\u010dana sredstva u punom iznosu<\/span> <span style=\"font-weight: 400\">budu vidljiva na \u017eiro-ra\u010dunu Sysbee-a.<\/span><\/span><\/p>\n<p><span style=\"font-weight: 400;font-size: 19px\">Ukoliko Platitelj (dalje u tekstu: Korisnik) preplati ponudu, ra\u010dun ili predra\u010dun iznad tra\u017eenog iznosa, odnosno ako dio naru\u010dene usluge ne bude mogao biti izvr\u0161en od strane Sysbee-a, vi\u0161ak iznosa bit \u0107e vra\u0107en na ra\u010dun Korisnika.<\/span>[\/vc_column_text][\/vc_column][\/vc_row][vc_row full_width=&#8221;stretch_row&#8221; content_placement=&#8221;middle&#8221; parallax=&#8221;content-moving&#8221; parallax_image=&#8221;8783&#8243; css=&#8221;.vc_custom_1658220242720{padding-top: 200px !important;padding-bottom: 200px !important;}&#8221;][vc_column][\/vc_column][\/vc_row][vc_row][vc_column]<div class=\"porto-u-heading  wpb_custom_95aa9a11c17ad45cfabaf210d84ee7cc porto-u-7150\"><div class=\"porto-u-sub-heading\" style=\"\">\n<h2><span style=\"color: #ffab00\">Dinamika<\/span> pla\u0107anja<\/h2>\n<p><\/div><style>.porto-u-7150.porto-u-heading{text-align:left}<\/style><\/div>[\/vc_column][\/vc_row][vc_row][vc_column]<div class=\"porto-u-heading  wpb_custom_95aa9a11c17ad45cfabaf210d84ee7cc porto-u-2630\"><div class=\"porto-u-sub-heading\" style=\"\">\n<h2>Promjena cijene usluga<\/h2>\n<p><\/div><style>.porto-u-2630.porto-u-heading{text-align:left}<\/style><\/div>[\/vc_column][\/vc_row][vc_row][vc_column width=&#8221;4\/5&#8243;][vc_column_text]<span style=\"font-weight: 400;font-size: 16px\">Iznos koji Korisnik pla\u0107a za uslugu ne\u0107e se pove\u0107ati izme\u0111u datuma kupnje i datuma isteka kupljene usluge, osim ako ne postoji druga\u010diji pismeni dogovor s Korisnikom te osim u slu\u010daju kada do\u0111e do pove\u0107anja cijene usluge dobavlja\u010da prema Sysbee-u za iznos jednak ili ve\u0107i od 10% po\u010detne cijene. U tom slu\u010daju, Sysbee je ovla\u0161ten pove\u0107ati cijenu usluge prema Korisniku i prije isteka kupljene usluge za pojedino obra\u010dunsko razdoblje. Ako do\u0111e do toga, Sysbee \u0107e pisanim putem obavijestiti Korisnika, najkasnije 8 (osam) dana prije po\u010detka primjene nove cijene. Korisnik je u takvom slu\u010daju ovla\u0161ten raskinuti ugovorni odnos sa Sysbee, bez naknade.<\/span><\/p>\n<p><span style=\"font-weight: 400;font-size: 16px\">Sysbee zadr\u017eava pravo promjene cijena za sljede\u0107e obra\u010dunsko razdoblje za usluge s vremenskim istekom.<\/span><\/p>\n<p><span style=\"font-weight: 400;font-size: 16px\">Sysbee zadr\u017eava pravo izmjene tehni\u010dkih karakteristika Usluga za vrijeme trajanja Usluge, kao i pravo da se pove\u0107a koli\u010dina resursa unutar web hosting paketa u bilo koje vrijeme.<\/span><\/p>\n<p><span style=\"font-size: 16px\"><span style=\"font-weight: 400\">Ukoliko se Korisnik ne sla\u017ee s izmjenom cijene ili tehni\u010dkim karakteristikama Usluga, Korisnik ima pravo raskinuti ugovor prema odredbama u \u010dlanku 12. <\/span><a href=\"https:\/\/www.sysbee.net\/hr\/uvjeti-koristenja\/\"><span style=\"font-weight: 400\">Uvjeta kori\u0161tenja<\/span><\/a><span style=\"font-weight: 400\">.<\/span><\/span>[\/vc_column_text]<div class=\"porto-u-heading  wpb_custom_95aa9a11c17ad45cfabaf210d84ee7cc porto-u-5115\"><div class=\"porto-u-main-heading\"><h3  >Ra\u010duni<\/h3><\/div><style>.porto-u-5115.porto-u-heading{text-align:left}<\/style><\/div>[vc_column_text]<span style=\"font-size: 16px\"><span style=\"font-weight: 400\">Sysbee izdaje fakture (ra\u010dune) u elektroni\u010dkom obliku prema Zakonu o porezu na dodanu vrijednost i Pravilniku o porezu na dodanu vrijednost. Prihva\u0107anjem <\/span><a href=\"https:\/\/www.sysbee.net\/hr\/uvjeti-koristenja\/\"><span style=\"font-weight: 400\">Uvjeta kori\u0161tenja usluga<\/span><\/a><span style=\"font-weight: 400\"> i Uvjeta pla\u0107anja, Korisnik je suglasan s ispostavljenim ra\u010dunom u tom obliku, kao elektroni\u010dka isprava, sukladno Zakonu o elektroni\u010dkoj ispravi.\u00a0<\/span><\/span><\/p>\n<p><span style=\"font-weight: 400;font-size: 16px\">U smislu Pravilnika o porezu na dodanu vrijednost, ra\u010dunom u elektroni\u010dkom obliku ispostavljenom kao elektroni\u010dka isprava, smatra se i ra\u010dun potpisan elektroni\u010dkim potpisom sukladno Zakonu o elektroni\u010dkom potpisu.<\/span>[\/vc_column_text]<div class=\"porto-u-heading  wpb_custom_95aa9a11c17ad45cfabaf210d84ee7cc porto-u-5721\"><div class=\"porto-u-main-heading\"><h3  >Na\u010din pla\u0107anja<\/h3><\/div><style>.porto-u-5721.porto-u-heading{text-align:left}<\/style><\/div>[vc_column_text]<span style=\"font-weight: 400;font-size: 16px\">Sysbee prihva\u0107a sljede\u0107e na\u010dine pla\u0107anja:<\/span><\/p>\n<ul>\n<li style=\"font-weight: 400\"><span style=\"font-weight: 400;font-size: 16px\">Uplata na \u017eiro ra\u010dun,<\/span><\/li>\n<li style=\"font-weight: 400\"><span style=\"font-weight: 400;font-size: 16px\">Internet pla\u0107anje kreditnom karticom Visa, MasterCard\u00ae, Maestro\u00ae putem Korisni\u010dkih stranica,<\/span><\/li>\n<li style=\"font-weight: 400\"><span style=\"font-weight: 400;font-size: 16px\">Devizne uplate iz inozemstva (wire transfer).\u00a0<\/span><\/li>\n<\/ul>\n<p><span style=\"font-weight: 400;font-size: 16px\">VA\u017dNO: Kod deviznih uplata, korisnik snosi tro\u0161kove platnog prometa koji mogu nastati prilikom pla\u0107anja (naknade za internet pla\u0107anje, bankarske naknade, i sl.).\u00a0<\/span>[\/vc_column_text]<div class=\"porto-u-heading  wpb_custom_95aa9a11c17ad45cfabaf210d84ee7cc porto-u-9686\"><div class=\"porto-u-main-heading\"><h3  >Pla\u0107anje kreditnim karticama<\/h3><\/div><style>.porto-u-9686.porto-u-heading{text-align:left}<\/style><\/div>[vc_column_text]<span style=\"font-size: 16px\"><span style=\"font-weight: 400\">Za autorizaciju i naplatu kreditnih kartica koristimo <\/span><a href=\"http:\/\/www.monri.com\/\"><span style=\"font-weight: 400\">Monri Payment Gateway<\/span><\/a><span style=\"font-weight: 400\">. <\/span><\/span>[\/vc_column_text]<div class=\"porto-u-heading  wpb_custom_95aa9a11c17ad45cfabaf210d84ee7cc porto-u-2461\"><div class=\"porto-u-main-heading\"><h3  >Sigurnost pla\u0107anja kreditnim karticama<\/h3><\/div><style>.porto-u-2461.porto-u-heading{text-align:left}<\/style><\/div>[vc_column_text]<span style=\"font-weight: 400;font-size: 16px\">Tajnost Va\u0161ih podataka je za\u0161ti\u0107ena i osigurana uporabom SSL enkripcije. Stranice za naplatu putem interneta, osigurane su kori\u0161tenjem Secure Socket Layer (SSL) protokola sa 128-bitnom enkripcijom podataka. SSL enkripcija je postupak \u0161ifriranja podataka radi sprje\u010davanja neovla\u0161tenog pristupa prilikom njihovog prijenosa. Time je omogu\u0107en siguran prijenos informacija, a onemogu\u0107en nedozvoljen pristup podacima prilikom komunikacije izme\u0111u korisnikovog ra\u010dunala i WebPay servisa, te obratno. WebPay servis i financijske ustanove razmjenjuju podatke uporabom virtualne privatne mre\u017ee (VPN) koja je za\u0161ti\u0107ena od neautoriziranog pristupa.\u00a0<\/span><\/p>\n<p><span style=\"font-weight: 400;font-size: 16px\">Monri Payment Gateway je certificiran prema PCI DSS Level 1 sigurnosnom standardu propisanom Visa i MasterCard pravilima.<\/span><\/p>\n<p><span style=\"font-weight: 400;font-size: 16px\">Trgovac ne pohranjuje brojeve kreditnih kartica i brojevi nisu dostupni neovla\u0161tenim osobama.<\/span>[\/vc_column_text]<div class=\"porto-u-heading  wpb_custom_95aa9a11c17ad45cfabaf210d84ee7cc porto-u-8624\"><div class=\"porto-u-main-heading\"><h3  >Izjava o konverziji valute<\/h3><\/div><style>.porto-u-8624.porto-u-heading{text-align:left}<\/style><\/div>[vc_column_text]<span style=\"font-weight: 400;font-size: 16px\">Sva pla\u0107anja bit \u0107e izvr\u0161ena u euro valuti. Iznos koji \u0107e se teretiti s va\u0161eg ra\u010duna na kreditnoj kartici dobiva se konverzijom cijene iz Ameri\u010dkog Dolara u Euro prema trenutnom te\u010daju Hrvatske narodne banke. Prilikom naplate s va\u0161e kreditne kartice, isti se iznos pretvara u va\u0161u lokalnu valutu prema te\u010daju udruga kreditnih kartica. Kao rezultat ove pretvorbe postoji mogu\u0107nost neznatne razlike u odnosu na izvornu cijenu navedenu u ponudi.\u00a0<\/span>[\/vc_column_text]<div class=\"porto-u-heading  wpb_custom_95aa9a11c17ad45cfabaf210d84ee7cc porto-u-6200\"><div class=\"porto-u-main-heading\"><h3  >Pretplata (kontinuirana naplata)<\/h3><\/div><style>.porto-u-6200.porto-u-heading{text-align:left}<\/style><\/div>[vc_column_text]<span style=\"font-weight: 400;font-size: 16px\">Unosom podataka kreditne kartice i biranjem opcije spremanja kreditne kartice, podaci o kreditnoj kartici bit \u0107e spremljeni kako bi se ubudu\u0107e pojednostavio proces pla\u0107anja.\u00a0<\/span><\/p>\n<p><span style=\"font-weight: 400;font-size: 16px\">Prilikom prvog unosa kreditne kartice, koristit \u0107e se <a href=\"https:\/\/www.wspay.info\/cd\/179\/sto-je-3ds-i-zasto-gaje-potrebno-koristiti-u-online-placanju\" target=\"_blank\" rel=\"noopener\">3DS<\/a> kako bi se autorizirala uplata. Nakon prve uplate i autorizacije 3DS-om, podaci o kartici bit \u0107e spremljeni kod Monri Payment Gatewaya, a daljnja pla\u0107anja \u0107e se vr\u0161iti tokenizacijom (\u0161to zna\u010di da se podaci o kreditnoj kartici ne spremaju kod Sysbee-a).<\/span><\/p>\n<p><span style=\"font-weight: 400;font-size: 16px\">Po isteku usluge Sysbee \u0107e automatikom izvr\u0161iti naplatu na spremljenu kreditnu karticu kako bi se usluga pravovremeno obnovila, te \u0107e o istom obavijestiti Korisnika e-mailom minimalno pet dana prije datuma automatske naplate.<\/span><\/p>\n<p><span style=\"font-weight: 400;font-size: 16px\">Ukoliko korisnik ne \u017eeli vi\u0161e koristiti opciju pretplate za pla\u0107anje usluga Sysbee-a, istu mo\u017ee otkazati uklanjanjem kreditne kartice iz Korisni\u010dkih stranica.<\/span>[\/vc_column_text][\/vc_column][vc_column width=&#8221;1\/5&#8243;]<div class=\"porto-u-heading  wpb_custom_95aa9a11c17ad45cfabaf210d84ee7cc porto-u-3676\"><div class=\"porto-u-sub-heading\" style=\"\">\n<h4>Pravni dokumenti:<\/h4>\n<p><\/div><style>.porto-u-3676.porto-u-heading{text-align:left}<\/style><\/div>[vc_wp_custommenu nav_menu=&#8221;165&#8243;][\/vc_column][vc_column][\/vc_column][\/vc_row][vc_row][vc_column][vc_column_text]<\/p>\n<h3>For the English version of these Terms, please click <a href=\"https:\/\/www.sysbee.net\/terms-of-payment\/\">here<\/a>.<\/h3>\n<p>[\/vc_column_text][\/vc_column][\/vc_row][vc_row][vc_column][\/vc_column][\/vc_row][vc_row][vc_column][\/vc_column][\/vc_row]<\/p>\n<\/div>","protected":false},"excerpt":{"rendered":"<p>[vc_row][vc_column][vc_column_text]Usluge koje pru\u017ea System Bee d.o.o. (dalje u tekstu: Sysbee) pla\u0107aju se unaprijed (avansno odnosno prepaid) ili retrogradno (postpaid) ovisno o ugovorenom platnom modelu. Avansno pla\u0107anje prve ponude preduvjet je za aktivaciju, pru\u017eanje i produ\u017eenje usluge u oba platna modela. Pla\u0107anje \u0107e se smatrati izvr\u0161enim u trenutku kada nov\u010dana sredstva u punom iznosu budu vidljiva [&hellip;]<\/p>\n","protected":false},"author":4,"featured_media":0,"parent":0,"menu_order":0,"comment_status":"closed","ping_status":"closed","template":"","meta":{"inline_featured_image":false,"footnotes":""},"yoast_head":"<!-- This site is optimized with the Yoast SEO plugin v22.4 - https:\/\/yoast.com\/wordpress\/plugins\/seo\/ -->\n<title>Uvjeti pla\u0107anja Sysbee usluga i proizvoda - Sysbee - HR<\/title>\n<meta name=\"description\" content=\"Uvjeti pla\u0107anje za Sysbee usluge i proizvode - na\u010dini pla\u0107anja (bankovni ra\u010dun, kreditna kartica, PayPal), vremenska razdoblja, te sva ostala pravila.\" \/>\n<meta name=\"robots\" content=\"index, follow, max-snippet:-1, max-image-preview:large, max-video-preview:-1\" \/>\n<link rel=\"canonical\" href=\"https:\/\/www.sysbee.net\/hr\/uvjeti-placanja\/\" \/>\n<meta property=\"og:locale\" content=\"hr_HR\" \/>\n<meta property=\"og:type\" content=\"article\" \/>\n<meta property=\"og:title\" content=\"Uvjeti pla\u0107anja Sysbee usluga i proizvoda - Sysbee - HR\" \/>\n<meta property=\"og:description\" content=\"Uvjeti pla\u0107anje za Sysbee usluge i proizvode - na\u010dini pla\u0107anja (bankovni ra\u010dun, kreditna kartica, PayPal), vremenska razdoblja, te sva ostala pravila.\" \/>\n<meta property=\"og:url\" content=\"https:\/\/www.sysbee.net\/hr\/uvjeti-placanja\/\" \/>\n<meta property=\"og:site_name\" content=\"Sysbee - HR\" \/>\n<meta property=\"article:modified_time\" content=\"2023-02-21T10:09:20+00:00\" \/>\n<meta name=\"twitter:card\" content=\"summary_large_image\" \/>\n<meta name=\"twitter:label1\" content=\"Procijenjeno vrijeme \u010ditanja\" \/>\n\t<meta name=\"twitter:data1\" content=\"5 minuta\" \/>\n<script type=\"application\/ld+json\" class=\"yoast-schema-graph\">{\"@context\":\"https:\/\/schema.org\",\"@graph\":[{\"@type\":\"WebPage\",\"@id\":\"https:\/\/www.sysbee.net\/hr\/uvjeti-placanja\/\",\"url\":\"https:\/\/www.sysbee.net\/hr\/uvjeti-placanja\/\",\"name\":\"Uvjeti pla\u0107anja Sysbee usluga i proizvoda - Sysbee - HR\",\"isPartOf\":{\"@id\":\"https:\/\/www.sysbee.net\/hr\/#website\"},\"datePublished\":\"2020-05-06T10:11:22+00:00\",\"dateModified\":\"2023-02-21T10:09:20+00:00\",\"description\":\"Uvjeti pla\u0107anje za Sysbee usluge i proizvode - na\u010dini pla\u0107anja (bankovni ra\u010dun, kreditna kartica, PayPal), vremenska razdoblja, te sva ostala pravila.\",\"breadcrumb\":{\"@id\":\"https:\/\/www.sysbee.net\/hr\/uvjeti-placanja\/#breadcrumb\"},\"inLanguage\":\"hr\",\"potentialAction\":[{\"@type\":\"ReadAction\",\"target\":[\"https:\/\/www.sysbee.net\/hr\/uvjeti-placanja\/\"]}]},{\"@type\":\"BreadcrumbList\",\"@id\":\"https:\/\/www.sysbee.net\/hr\/uvjeti-placanja\/#breadcrumb\",\"itemListElement\":[{\"@type\":\"ListItem\",\"position\":1,\"name\":\"Home\",\"item\":\"https:\/\/www.sysbee.net\/hr\/\"},{\"@type\":\"ListItem\",\"position\":2,\"name\":\"Uvjeti pla\u0107anja\"}]},{\"@type\":\"WebSite\",\"@id\":\"https:\/\/www.sysbee.net\/hr\/#website\",\"url\":\"https:\/\/www.sysbee.net\/hr\/\",\"name\":\"Sysbee - HR\",\"description\":\"Sysbee - HR\",\"potentialAction\":[{\"@type\":\"SearchAction\",\"target\":{\"@type\":\"EntryPoint\",\"urlTemplate\":\"https:\/\/www.sysbee.net\/hr\/?s={search_term_string}\"},\"query-input\":\"required name=search_term_string\"}],\"inLanguage\":\"hr\"}]}<\/script>\n<!-- \/ Yoast SEO plugin. -->","yoast_head_json":{"title":"Uvjeti pla\u0107anja Sysbee usluga i proizvoda - Sysbee - HR","description":"Uvjeti pla\u0107anje za Sysbee usluge i proizvode - na\u010dini pla\u0107anja (bankovni ra\u010dun, kreditna kartica, PayPal), vremenska razdoblja, te sva ostala pravila.","robots":{"index":"index","follow":"follow","max-snippet":"max-snippet:-1","max-image-preview":"max-image-preview:large","max-video-preview":"max-video-preview:-1"},"canonical":"https:\/\/www.sysbee.net\/hr\/uvjeti-placanja\/","og_locale":"hr_HR","og_type":"article","og_title":"Uvjeti pla\u0107anja Sysbee usluga i proizvoda - Sysbee - HR","og_description":"Uvjeti pla\u0107anje za Sysbee usluge i proizvode - na\u010dini pla\u0107anja (bankovni ra\u010dun, kreditna kartica, PayPal), vremenska razdoblja, te sva ostala pravila.","og_url":"https:\/\/www.sysbee.net\/hr\/uvjeti-placanja\/","og_site_name":"Sysbee - HR","article_modified_time":"2023-02-21T10:09:20+00:00","twitter_card":"summary_large_image","twitter_misc":{"Procijenjeno vrijeme \u010ditanja":"5 minuta"},"schema":{"@context":"https:\/\/schema.org","@graph":[{"@type":"WebPage","@id":"https:\/\/www.sysbee.net\/hr\/uvjeti-placanja\/","url":"https:\/\/www.sysbee.net\/hr\/uvjeti-placanja\/","name":"Uvjeti pla\u0107anja Sysbee usluga i proizvoda - Sysbee - HR","isPartOf":{"@id":"https:\/\/www.sysbee.net\/hr\/#website"},"datePublished":"2020-05-06T10:11:22+00:00","dateModified":"2023-02-21T10:09:20+00:00","description":"Uvjeti pla\u0107anje za Sysbee usluge i proizvode - na\u010dini pla\u0107anja (bankovni ra\u010dun, kreditna kartica, PayPal), vremenska razdoblja, te sva ostala pravila.","breadcrumb":{"@id":"https:\/\/www.sysbee.net\/hr\/uvjeti-placanja\/#breadcrumb"},"inLanguage":"hr","potentialAction":[{"@type":"ReadAction","target":["https:\/\/www.sysbee.net\/hr\/uvjeti-placanja\/"]}]},{"@type":"BreadcrumbList","@id":"https:\/\/www.sysbee.net\/hr\/uvjeti-placanja\/#breadcrumb","itemListElement":[{"@type":"ListItem","position":1,"name":"Home","item":"https:\/\/www.sysbee.net\/hr\/"},{"@type":"ListItem","position":2,"name":"Uvjeti pla\u0107anja"}]},{"@type":"WebSite","@id":"https:\/\/www.sysbee.net\/hr\/#website","url":"https:\/\/www.sysbee.net\/hr\/","name":"Sysbee - HR","description":"Sysbee - HR","potentialAction":[{"@type":"SearchAction","target":{"@type":"EntryPoint","urlTemplate":"https:\/\/www.sysbee.net\/hr\/?s={search_term_string}"},"query-input":"required name=search_term_string"}],"inLanguage":"hr"}]}},"_links":{"self":[{"href":"https:\/\/www.sysbee.net\/hr\/wp-json\/wp\/v2\/pages\/5670"}],"collection":[{"href":"https:\/\/www.sysbee.net\/hr\/wp-json\/wp\/v2\/pages"}],"about":[{"href":"https:\/\/www.sysbee.net\/hr\/wp-json\/wp\/v2\/types\/page"}],"author":[{"embeddable":true,"href":"https:\/\/www.sysbee.net\/hr\/wp-json\/wp\/v2\/users\/4"}],"replies":[{"embeddable":true,"href":"https:\/\/www.sysbee.net\/hr\/wp-json\/wp\/v2\/comments?post=5670"}],"version-history":[{"count":15,"href":"https:\/\/www.sysbee.net\/hr\/wp-json\/wp\/v2\/pages\/5670\/revisions"}],"predecessor-version":[{"id":9061,"href":"https:\/\/www.sysbee.net\/hr\/wp-json\/wp\/v2\/pages\/5670\/revisions\/9061"}],"wp:attachment":[{"href":"https:\/\/www.sysbee.net\/hr\/wp-json\/wp\/v2\/media?parent=5670"}],"curies":[{"name":"wp","href":"https:\/\/api.w.org\/{rel}","templated":true}]}}