{"id":5464,"date":"2020-04-15T11:33:10","date_gmt":"2020-04-15T11:33:10","guid":{"rendered":"https:\/\/wphr.sysbee.net\/?page_id=5464"},"modified":"2026-03-12T11:40:23","modified_gmt":"2026-03-12T09:40:23","slug":"gdpr","status":"publish","type":"page","link":"https:\/\/www.sysbee.net\/hr\/gdpr\/","title":{"rendered":"GDPR izjava o obradi osobnih podataka"},"content":{"rendered":"<div class=\"wpb-content-wrapper\"><p>[vc_row][vc_column][vc_column_text]<span style=\"font-weight: 400;font-size: 19px\">GDPR Izjava: System Bee d.o.o., Valturska ulica 82, 52100 Pula, OIB: 44118711367, kao Pru\u017eatelj usluga (dalje u tekstu: Pru\u017eatelj) potvr\u0111uje sljede\u0107e:<\/span>[\/vc_column_text][\/vc_column][\/vc_row][vc_row full_width=&#8221;stretch_row&#8221; parallax=&#8221;content-moving&#8221; parallax_image=&#8221;8851&#8243; css=&#8221;.vc_custom_1658312988728{padding-top: 200px !important;padding-bottom: 200px !important;}&#8221;][vc_column][\/vc_column][\/vc_row][vc_row][vc_column]<div class=\"porto-u-heading  wpb_custom_95aa9a11c17ad45cfabaf210d84ee7cc porto-u-8041\"><div class=\"porto-u-sub-heading\" style=\"\">\n<h2>1. Uvodne odredbe<\/h2>\n<p><\/div><style>.porto-u-8041.porto-u-heading{text-align:left}<\/style><\/div>[\/vc_column][\/vc_row][vc_row][vc_column width=&#8221;4\/5&#8243;][vc_column_text]<span style=\"font-weight: 400;font-size: 16px\">Korisnik usluga je prihva\u0107anjem Uvjeta Kori\u0161tenja i pla\u0107anjem po ponudi ili ra\u010dunu za Usluge (u daljnjem tekstu: Usluge), s Pru\u017eateljem usluga u\u0161ao u ugovorni odnos \u010diji predmet su Usluge.<\/span><\/p>\n<p><span style=\"font-weight: 400;font-size: 16px\">Ova Izjava je dio ugovornog odnosa i definira uskla\u0111ivanje me\u0111usobnih odnosa s <a href=\"https:\/\/eur-lex.europa.eu\/eli\/reg\/2016\/679\/oj\">Op\u0107om uredbom o za\u0161titi podataka EU679\/2016<\/a> (dalje u tekstu: Uredba).<\/span><\/p>\n<p><span style=\"font-weight: 400;font-size: 16px\">Korisnik usluga ima, u skladu s Uredbom, status voditelja obrade (dalje u tekstu: Voditelj obrade).<\/span><\/p>\n<p><span style=\"font-weight: 400;font-size: 16px\">Pru\u017eatelj usluga ima, u skladu s Uredbom, status izvr\u0161itelja obrade (dalje u tekstu: Izvr\u0161itelj obrade).<\/span><\/p>\n<p><span style=\"font-weight: 400;font-size: 16px\">Fizi\u010dke osobe \u010diji se podaci mogu obra\u0111ivati ima, u skladu s Uredbom, status ispitanika (dalje u tekstu: Ispitanik).<\/span><\/p>\n<p><span style=\"font-weight: 400;font-size: 16px\">Izrazi upotrebljeni u ovoj Izjavi imaju isto zna\u010denje kao \u0161to je navedeno u Uredbi.<\/span><\/p>\n<p><span style=\"font-weight: 400;font-size: 16px\">Izvr\u0161itelj obrade vodi evidenciju vrste\/kategorije preuzetih podataka koji su uklju\u010deni u obradu osobnih podataka i pru\u017eanje Ugovornih usluga.<\/span><\/p>\n<p><span style=\"font-weight: 400;font-size: 16px\">Predanim osobnim podacima \u0107e se smatrati i osobni podaci s kojima \u0107e Izvr\u0161itelj obrade nenamjensko do\u0107i u kontakt prilikom izvr\u0161avanja Ugovornih usluga.<\/span><\/p>\n<p><span style=\"font-weight: 400;font-size: 16px\">Izvr\u0161itelj obrade \u0107e primljene osobne podatke upotrijebiti isklju\u010divo za namjene izvo\u0111enja Ugovornih usluga.<\/span>[\/vc_column_text]<div class=\"porto-u-heading  wpb_custom_95aa9a11c17ad45cfabaf210d84ee7cc porto-u-1555\"><div class=\"porto-u-main-heading\"><h2  >2. Informacijska sigurnost i uskla\u0111enost s Uredbom<\/h2><\/div><style>.porto-u-1555.porto-u-heading{text-align:left}<\/style><\/div>[vc_column_text]<span style=\"font-weight: 400;font-size: 16px\">Izvr\u0161itelj obrade potvr\u0111uje da kod izvo\u0111enja svojih poslovnih aktivnosti striktno izvodi tehni\u010dke i organizacijske mjere, s ciljem za\u0161tite osobnih podataka i osiguranja prava ispitanika u smislu \u010dl. 28 i 32 Uredbe.<\/span><\/p>\n<p><span style=\"font-weight: 400;font-size: 16px\">Minimalne tehni\u010dke i organizacijske mjere koje smanjuju vjerojatnost nenamjerne ili namjerne neovla\u0161tene promjene, uni\u0161tavanje, gubitak ili neovla\u0161tenu obradu osobnih podatka, uklju\u010duju:<\/span><\/p>\n<ul>\n<li><span style=\"font-weight: 400;font-size: 16px\">Fizi\u010dku, tehni\u010dku i logi\u010dku za\u0161titu prostorija, strojne opreme i sistemske programske opreme, uklju\u010duju\u0107i ICT ulazno-izlazne jedinice,<\/span><\/li>\n<li><span style=\"font-weight: 400;font-size: 16px\">Tehni\u010dku i logi\u010dku za\u0161titu programske opreme korisnika,<\/span><\/li>\n<li><span style=\"font-weight: 400;font-size: 16px\">Tehni\u010dko i logi\u010dko sprje\u010davanje neovla\u0161tenih pristupa osobnim podacima prilikom njihovog prijenosa, uklju\u010duju\u0107i prijenos putem telekomunikacijskih sredstava i mre\u017ea,<\/span><\/li>\n<li><span style=\"font-weight: 400;font-size: 16px\">Efikasne na\u010dine blokiranja, uni\u0161tavanja, brisanja ili anonimiziranja osobnih podataka, kada su ispunjene namjene obrade podataka,<\/span><\/li>\n<li><span style=\"font-weight: 400;font-size: 16px\">Osiguravanje i vo\u0111enje revizijskih tragova koji su namijenjeni odre\u0111ivanju vremena unosa pojedinih podataka u evidenciju osobnih podataka, upotrebe, prijenosa, pogleda, drugih obrada i identificiranju izvo\u0111a\u010da tih aktivnosti,<\/span><\/li>\n<li><span style=\"font-weight: 400;font-size: 16px\">Odgovornost, informiranost i kvalificiranost zaposlenika te drugih suradnika Izvr\u0161itelja obrade u vezi sa za\u0161titom osobnih podataka, uvjeta i zahtjeva Uredbe i dobrim praksama informacijske sigurnosti,<\/span><\/li>\n<li><span style=\"font-weight: 400;font-size: 16px\">Druge mjere, navedene u Uredbi (\u010dl. 32).<\/span><\/li>\n<\/ul>\n<p><span style=\"font-weight: 400;font-size: 16px\">Izvr\u0161itelj obrade jam\u010di, da kod izvo\u0111enja Ugovorenih usluga po\u0161tuje i ispunjava sve uvjete, zahtjeve i standarde koje u vezi za\u0161tite osobnih podataka definiraju Uredba i dobre prakse informacijske sigurnosti. Izvr\u0161itelj obrade tako\u0111er ispunjava sve zahtjeve Uredbe i dobre prakse informacijske sigurnosti u vezi s formiranjem i vo\u0111enjem revizijskih tragova.<\/span>[\/vc_column_text]<div class=\"porto-u-heading  wpb_custom_95aa9a11c17ad45cfabaf210d84ee7cc porto-u-2441\"><div class=\"porto-u-main-heading\"><h2  >3. Prikupljanje, obrada, prijenos i skladi\u0161tenje osobnih podataka<\/h2><\/div><style>.porto-u-2441.porto-u-heading{text-align:left}<\/style><\/div>[vc_column_text]<span style=\"font-weight: 400;font-size: 16px\">Voditelj obrade potvr\u0111uje da sve osobne i povezane podatke, koji su predmet obrade tj. izvo\u0111enja Ugovornih usluga, dobiva legalno i na na\u010din sukladno sa zahtjevima \u010dl. 6 (1), 7 (1), 8 i 9 (2) Uredbe.<\/span><\/p>\n<p><span style=\"font-weight: 400;font-size: 16px\">Voditelj obrade potvr\u0111uje da je sve ispitanike jasno, razumljivo i u pisanom obliku informirao o uvjetima prikupljanja, obrade, prijenosa i skladi\u0161tenja osobnih podataka, sukladno s \u010dl. 5 Uredbe.<\/span>[\/vc_column_text]<div class=\"porto-u-heading  wpb_custom_95aa9a11c17ad45cfabaf210d84ee7cc porto-u-4236\"><div class=\"porto-u-main-heading\"><h2  >4. Prava ispitanika<\/h2><\/div><style>.porto-u-4236.porto-u-heading{text-align:left}<\/style><\/div>[vc_column_text]<span style=\"font-weight: 400;font-size: 16px\">Voditelj obrade svim ispitanicima omogu\u0107uje izvr\u0161avanje svih prava vezanih za njihove osobne podatke, navedenih u \u010dl. 12 do 22 i 46 (5) Uredbe.<\/span>[\/vc_column_text]<div class=\"porto-u-heading  wpb_custom_95aa9a11c17ad45cfabaf210d84ee7cc porto-u-2334\"><div class=\"porto-u-main-heading\"><h2  >5. Prava Voditelja obrade<\/h2><\/div><style>.porto-u-2334.porto-u-heading{text-align:left}<\/style><\/div>[vc_column_text]<span style=\"font-weight: 400;font-size: 16px\">Voditelj obrade ima pravo da u svakom trenutku, na vlastiti tro\u0161ak i u suradnji s nezavisnim revizorom, kod Izvr\u0161itelja obrade provjeri izvo\u0111enje Ugovornih usluga i izvo\u0111enje tehni\u010dkih, organizacijskih i kadrovskih mjera koje osiguravaju informacijsku sigurnost i za\u0161titu osobnih podataka, kao i sukladnost s Uredbom te dobrim praksama informacijske sigurnosti.<\/span><\/p>\n<p><span style=\"font-weight: 400;font-size: 16px\">Voditelj obrade ima pravo da Izvr\u0161itelju obrade, kod izvo\u0111enja aktivnosti koje su potrebne za pru\u017eanje Ugovornih usluga, ograni\u010di ili zabrani suradnju s pojedinim podizvo\u0111a\u010dem.<\/span>[\/vc_column_text]<div class=\"porto-u-heading  wpb_custom_95aa9a11c17ad45cfabaf210d84ee7cc porto-u-4692\"><div class=\"porto-u-main-heading\"><h2  >6. Obaveze Voditelja obrade<\/h2><\/div><style>.porto-u-4692.porto-u-heading{text-align:left}<\/style><\/div>[vc_column_text]<span style=\"font-weight: 400;font-size: 16px\">Voditelj obrade je du\u017ean sve zahtjeve i upute vezane za izvo\u0111enje Ugovornih usluga, proslijediti Izvr\u0161itelju obrade u pisanom obliku.<\/span><\/p>\n<p><span style=\"font-weight: 400;font-size: 16px\">Voditelj obrade je du\u017ean osigurati zakonitost kori\u0161tenja informacijskih sredstava, koje su predmet Ugovornih usluga i nad kojima Izvr\u0161itelj obrade, u skladu s ugovorenim odredbama, nema izravne kontrole ili druge mogu\u0107nosti utjecaja.<\/span>[\/vc_column_text]<div class=\"porto-u-heading  wpb_custom_95aa9a11c17ad45cfabaf210d84ee7cc porto-u-8014\"><div class=\"porto-u-main-heading\"><h2  >7. Prava Izvr\u0161itelja obrade<\/h2><\/div><style>.porto-u-8014.porto-u-heading{text-align:left}<\/style><\/div>[vc_column_text]<span style=\"font-weight: 400;font-size: 16px\">Izvr\u0161itelj obrade mo\u017ee privremeno prekinuti izvo\u0111enje Ugovornih usluga u slu\u010daju sumnje da \u0107e s izvedbom uputa od strane Voditelja obrade kr\u0161iti va\u017ee\u0107e zakone.<\/span><\/p>\n<p><span style=\"font-weight: 400;font-size: 16px\">Izvr\u0161itelj obrade je du\u017ean obavijestiti Voditelja obrade o potencijalnoj povredi va\u017ee\u0107ih zakona te namjeri o prekidu izvo\u0111enja Ugovornih usluga pravovremeno i bez odlaganja.<\/span><\/p>\n<p><span style=\"font-weight: 400;font-size: 16px\">Izvr\u0161itelj obrade smije za izvo\u0111enje Ugovornih usluga sklopiti ugovor s podizvo\u0111a\u010dem, isklju\u010divo u opsegu i namjeni suradnje prethodno odobrenoj od strane Voditelja obrade. Ako Voditelj obrade ne postavi ograni\u010denja, Izvr\u0161itelj obrade je slobodan sklopiti ugovor s podizvo\u0111a\u010dem po vlastitom izboru.<\/span>[\/vc_column_text]<div class=\"porto-u-heading  wpb_custom_95aa9a11c17ad45cfabaf210d84ee7cc porto-u-6443\"><div class=\"porto-u-main-heading\"><h2  >8. Obaveze Izvr\u0161itelja obrade<\/h2><\/div><style>.porto-u-6443.porto-u-heading{text-align:left}<\/style><\/div>[vc_column_text]<span style=\"font-weight: 400;font-size: 16px\">Izvr\u0161itelj obrade du\u017ean je izvoditi Ugovorne usluge samo u opsegu te za namjene koje su dogovorene u Osnovnom ugovoru, Aneksima te pisanim zahtjevima i uputama Voditelja obrade.<\/span><\/p>\n<p><span style=\"font-weight: 400;font-size: 16px\">Izvr\u0161itelj obrade \u0107e kod izvo\u0111enja Ugovornih usluga ispunjavati sve zahtjeve Uredbe u vezi s formiranjem i vo\u0111enjem revizijskih tragova.<\/span><\/p>\n<p><span style=\"font-weight: 400;font-size: 16px\">Izvr\u0161itelj obrade \u0107e sukladno s Uredbom i dobrom praksom informacijske sigurnosti kontinuirano izvoditi i nadogra\u0111ivati sve tehni\u010dke i organizacijske mjere koje osiguravaju za\u0161titu osobnih i drugih povezanih podataka Ispitanika i Voditelja obrade na na\u010din da \u0107e stalno osiguravati povjerljivost, cjelokupnost, raspolo\u017eivost i otpornost sustava i usluga.<\/span><\/p>\n<p><span style=\"font-weight: 400;font-size: 16px\">Izvr\u0161itelj obrade \u0107e s odobrenim podizvo\u0111a\u010dima sklopiti pisane ugovore, kada god je to mogu\u0107e. Odgovornost Izvr\u0161itelja obrade je da odabrani podizvo\u0111a\u010di nude informacijsku sigurnost i za\u0161titu osobnih podataka najmanje na istom nivou kao i Izvr\u0161itelj obrade.<\/span><\/p>\n<p><span style=\"font-weight: 400;font-size: 16px\">U slu\u010daju primitka zahtjeva Ispitanika vezano za realizaciju prava koja su mu osigurana Uredbom, te ako Izvr\u0161itelj obrade mo\u017ee temeljem dostavljenih podataka povezati ispitanika s Voditeljem obrade, Izvr\u0161itelj obrade je du\u017ean takav zahtjev bez odlaganja i u pisanom obliku proslijediti Voditelju obrade.<\/span><\/p>\n<p><span style=\"font-weight: 400;font-size: 16px\">Svi zaposlenici i druge osobe koje sudjeluju u izvo\u0111enju Ugovornih usluga na strani Izvr\u0161itelja obrade, du\u017eni su po\u0161tivati sve upute i standarde Voditelja obrade, kao i zahtjeve navedene u \u010dl. 28, 28, 32 Uredbe. Svi zaposlenici i druge osobe, koje sudjeluju u izvo\u0111enju Ugovornih usluga na strani Izvr\u0161itelja obrade, du\u017eni su po\u0161tivati za\u0161titu poslovnih tajni. Obveza za\u0161tite poslovnih tajni va\u017ee\u0107a je i poslije zavr\u0161etka radnog odnosa ili drugih ugovornih odnosa, te po prekidu suradnje izme\u0111u Voditelja obrade i Izvr\u0161itelja obrade.<\/span><\/p>\n<p><span style=\"font-weight: 400;font-size: 16px\">Izvr\u0161itelj obrade \u0107e u slu\u010dajevima, koji su definirani u Uredbi i na osnovi pisanog zahtjeva Voditelja obrade, sura\u0111ivati s Agencijom za za\u0161titu osobnih podataka (AZOP).<\/span><\/p>\n<p><span style=\"font-weight: 400;font-size: 16px\">Ako Voditelj obrade ne zahtijeva druga\u010dije ili ako zakoni ne nala\u017eu skladi\u0161tenje, Izvr\u0161itelj obrade du\u017ean je u roku 60 dana poslije prekida suradnje trajno uni\u0161titi sve kopije i ostatke tragova zapisa osobnih podataka koji su bili predmet ugovornih Usluga i\/ili s kojima je bio u slu\u010dajnom kontaktu prilikom pru\u017eanja Usluga. Iznimka su podaci kod kojih postoje tehni\u010dka ili zakonska ograni\u010denja u vezi sa selektivnim brisanjem.<\/span>[\/vc_column_text]<div class=\"porto-u-heading  wpb_custom_95aa9a11c17ad45cfabaf210d84ee7cc porto-u-1440\"><div class=\"porto-u-main-heading\"><h2  >9. Upravljanje incidentima<\/h2><\/div><style>.porto-u-1440.porto-u-heading{text-align:left}<\/style><\/div>[vc_column_text]<span style=\"font-weight: 400;font-size: 16px\">Izvr\u0161itelj obrade potvr\u0111uje da u svojoj organizaciji sukladno s Uredbom i dobrom praksom informacijske sigurnosti izvodi sve tehni\u010dke i organizacijske mjere koje osiguravaju upravljanje i izvo\u0111enje adekvatnih aktivnosti u slu\u010daju sumnje ili potvrde sigurnosnog incidenta i\/ili gubitka povjerljivosti.<\/span><\/p>\n<p><span style=\"font-weight: 400;font-size: 16px\">Voditelj obrade i Izvr\u0161itelj obrade du\u017eni su u slu\u010daju sumnje ili potvrde sigurnosnog incidenta i\/ili gubitka povjerljivosti bez odlaganja reagirati sukladno s \u010dl. 33 i 34 Uredbe.<\/span><\/p>\n<p><span style=\"font-weight: 400;font-size: 16px\">Voditelj obrade i Izvr\u0161itelj obrade du\u017eni su u slu\u010daju sumnje ili potvrde sigurnosnog incidenta i\/ili gubitka povjerljivosti, pored izvedbe svih aktivnosti predvi\u0111enih u njihovim internim propisima, o tome bez odlaganja obavijestiti jedan drugoga.<\/span><\/p>\n<p><span style=\"font-weight: 400;font-size: 16px\">Voditelj obrade i Izvr\u0161itelj obrade me\u0111usobno \u0107e razmjenjivati rezultate analiza uzroka i okolnosti vezanih za identificirane sigurnosne incidente i gubitke povjerljivosti. Svi nalazi i rezultati analiza bit \u0107e kori\u0161teni za pobolj\u0161anja i nadogradnju sustava i internih procesa.<\/span>[\/vc_column_text]<div class=\"porto-u-heading  wpb_custom_95aa9a11c17ad45cfabaf210d84ee7cc porto-u-7375\"><div class=\"porto-u-main-heading\"><h2  >10. Zavr\u0161ne odredbe<\/h2><\/div><style>.porto-u-7375.porto-u-heading{text-align:left}<\/style><\/div>[vc_column_text]<span style=\"font-weight: 400;font-size: 16px\">Voditelj obrade i Izvr\u0161itelj obrade su suglasni da ih ni jedna pojedina\u010dna odredba ove Izjave, Osnovnog ugovora, Aneksa ili pisanih zahtjeva ne li\u0161ava pojedina\u010dne obaveze po\u0161tivanja odredbi Uredbe i pojedina\u010dne odgovornosti koja proizlazi iz nje.<\/span><\/p>\n<p><span style=\"font-weight: 400;font-size: 16px\">U slu\u010daju sporova u vezi sa sigurno\u0161\u0107u osobnih podataka, odredbe ove Izjave imaju prednost pred odredbama Osnovnog ugovora i aneksa.<\/span><\/p>\n<p><span style=\"font-weight: 400;font-size: 16px\">Sve eventualne sporove proiza\u0161le iz ili u vezi s ovom Izjavom, Ugovorne strane rje\u0161avat \u0107e mirnim putem, a u slu\u010daju da spor ne bi bio rije\u0161en mirnim putem, Ugovorne strane ugovaraju nadle\u017enost suda u Puli, uz primjenu prava Republike Hrvatske.<\/span><\/p>\n<p><span style=\"font-weight: 400;font-size: 16px\">Nevaljanost ili neizvr\u0161ivost pojedina\u010dnih odredbi ove Izjave nema utjecaja na va\u017eenje ostalih valjanih odredbi. Ugovorne strane su obavezne bez odlaganja promijeniti svaku nevaljanu odredbu.<\/span><\/p>\n<p><span style=\"font-weight: 400;font-size: 16px\">Ova Izjava je va\u017ee\u0107a za Voditelja obrade od trenutka predaje ili potvrde njegove narud\u017ebe ili najkasnije od provedbe pla\u0107anja. Za postoje\u0107e ugovorne partnere ta Izjava je va\u017ee\u0107a od trenutka njene objave na stranicama Sysbee-a.<\/span><\/p>\n<p><span style=\"font-weight: 400;font-size: 16px\">Ova Izjava ima valjanost za razdoblje valjanosti osnovnog Ugovora i povezanih aneksa.<\/span><\/p>\n<p><span style=\"font-weight: 400;font-size: 16px\">Popis Sysbee podizvo\u0111a\u010da je dostupan na upit.<\/span>[\/vc_column_text][vc_separator color=&#8221;custom&#8221; accent_color=&#8221;#ffab00&#8243;][vc_column_text]<\/p>\n<h3><span style=\"font-weight: normal\">For the English version of GDPR statement on personal data processing, please click <a href=\"https:\/\/www.sysbee.net\/gdpr-statement\/\"><strong>here<\/strong><\/a>.<\/span><\/h3>\n<p>[\/vc_column_text][\/vc_column][vc_column width=&#8221;1\/5&#8243;]<div class=\"porto-u-heading  wpb_custom_95aa9a11c17ad45cfabaf210d84ee7cc porto-u-4822\"><div class=\"porto-u-sub-heading\" style=\"\">\n<h4>Pravni dokumenti:<\/h4>\n<p><\/div><style>.porto-u-4822.porto-u-heading{text-align:left}<\/style><\/div>[vc_wp_custommenu nav_menu=&#8221;166&#8243;][\/vc_column][\/vc_row][vc_row][vc_column][\/vc_column][\/vc_row][vc_row][vc_column][\/vc_column][\/vc_row]<\/p>\n<\/div>","protected":false},"excerpt":{"rendered":"<p>[vc_row][vc_column][vc_column_text]GDPR Izjava: System Bee d.o.o., Valturska ulica 82, 52100 Pula, OIB: 44118711367, kao Pru\u017eatelj usluga (dalje u tekstu: Pru\u017eatelj) potvr\u0111uje sljede\u0107e:[\/vc_column_text][\/vc_column][\/vc_row][vc_row full_width=&#8221;stretch_row&#8221; parallax=&#8221;content-moving&#8221; parallax_image=&#8221;8851&#8243; css=&#8221;.vc_custom_1658312988728{padding-top: 200px !important;padding-bottom: 200px !important;}&#8221;][vc_column][\/vc_column][\/vc_row][vc_row][vc_column][\/vc_column][\/vc_row][vc_row][vc_column width=&#8221;4\/5&#8243;][vc_column_text]Korisnik usluga je prihva\u0107anjem Uvjeta Kori\u0161tenja i pla\u0107anjem po ponudi ili ra\u010dunu za Usluge (u daljnjem tekstu: Usluge), s Pru\u017eateljem usluga u\u0161ao u ugovorni odnos \u010diji [&hellip;]<\/p>\n","protected":false},"author":4,"featured_media":0,"parent":0,"menu_order":0,"comment_status":"closed","ping_status":"closed","template":"","meta":{"inline_featured_image":false,"footnotes":""},"yoast_head":"<!-- This site is optimized with the Yoast SEO plugin v22.4 - https:\/\/yoast.com\/wordpress\/plugins\/seo\/ -->\n<title>GDPR izjava o obradi osobnih podataka - Sysbee - HR<\/title>\n<meta name=\"description\" content=\"GDPR izjava o na\u010dinu obrade i pohrane osobnih podataka korisnika u skladu s Op\u0107om uredbom o za\u0161titi podataka EU679\/2016.\" \/>\n<meta name=\"robots\" content=\"index, follow, max-snippet:-1, max-image-preview:large, max-video-preview:-1\" \/>\n<link rel=\"canonical\" href=\"https:\/\/www.sysbee.net\/hr\/gdpr\/\" \/>\n<meta property=\"og:locale\" content=\"hr_HR\" \/>\n<meta property=\"og:type\" content=\"article\" \/>\n<meta property=\"og:title\" content=\"GDPR izjava o obradi osobnih podataka - Sysbee - HR\" \/>\n<meta property=\"og:description\" content=\"GDPR izjava o na\u010dinu obrade i pohrane osobnih podataka korisnika u skladu s Op\u0107om uredbom o za\u0161titi podataka EU679\/2016.\" \/>\n<meta property=\"og:url\" content=\"https:\/\/www.sysbee.net\/hr\/gdpr\/\" \/>\n<meta property=\"og:site_name\" content=\"Sysbee - HR\" \/>\n<meta property=\"article:modified_time\" content=\"2026-03-12T09:40:23+00:00\" \/>\n<meta name=\"twitter:card\" content=\"summary_large_image\" \/>\n<meta name=\"twitter:label1\" content=\"Procijenjeno vrijeme \u010ditanja\" \/>\n\t<meta name=\"twitter:data1\" content=\"8 minuta\" \/>\n<script type=\"application\/ld+json\" class=\"yoast-schema-graph\">{\"@context\":\"https:\/\/schema.org\",\"@graph\":[{\"@type\":\"WebPage\",\"@id\":\"https:\/\/www.sysbee.net\/hr\/gdpr\/\",\"url\":\"https:\/\/www.sysbee.net\/hr\/gdpr\/\",\"name\":\"GDPR izjava o obradi osobnih podataka - Sysbee - HR\",\"isPartOf\":{\"@id\":\"https:\/\/www.sysbee.net\/hr\/#website\"},\"datePublished\":\"2020-04-15T11:33:10+00:00\",\"dateModified\":\"2026-03-12T09:40:23+00:00\",\"description\":\"GDPR izjava o na\u010dinu obrade i pohrane osobnih podataka korisnika u skladu s Op\u0107om uredbom o za\u0161titi podataka EU679\/2016.\",\"breadcrumb\":{\"@id\":\"https:\/\/www.sysbee.net\/hr\/gdpr\/#breadcrumb\"},\"inLanguage\":\"hr\",\"potentialAction\":[{\"@type\":\"ReadAction\",\"target\":[\"https:\/\/www.sysbee.net\/hr\/gdpr\/\"]}]},{\"@type\":\"BreadcrumbList\",\"@id\":\"https:\/\/www.sysbee.net\/hr\/gdpr\/#breadcrumb\",\"itemListElement\":[{\"@type\":\"ListItem\",\"position\":1,\"name\":\"Home\",\"item\":\"https:\/\/www.sysbee.net\/hr\/\"},{\"@type\":\"ListItem\",\"position\":2,\"name\":\"GDPR izjava o obradi osobnih podataka\"}]},{\"@type\":\"WebSite\",\"@id\":\"https:\/\/www.sysbee.net\/hr\/#website\",\"url\":\"https:\/\/www.sysbee.net\/hr\/\",\"name\":\"Sysbee - HR\",\"description\":\"Sysbee - HR\",\"potentialAction\":[{\"@type\":\"SearchAction\",\"target\":{\"@type\":\"EntryPoint\",\"urlTemplate\":\"https:\/\/www.sysbee.net\/hr\/?s={search_term_string}\"},\"query-input\":\"required name=search_term_string\"}],\"inLanguage\":\"hr\"}]}<\/script>\n<!-- \/ Yoast SEO plugin. -->","yoast_head_json":{"title":"GDPR izjava o obradi osobnih podataka - Sysbee - HR","description":"GDPR izjava o na\u010dinu obrade i pohrane osobnih podataka korisnika u skladu s Op\u0107om uredbom o za\u0161titi podataka EU679\/2016.","robots":{"index":"index","follow":"follow","max-snippet":"max-snippet:-1","max-image-preview":"max-image-preview:large","max-video-preview":"max-video-preview:-1"},"canonical":"https:\/\/www.sysbee.net\/hr\/gdpr\/","og_locale":"hr_HR","og_type":"article","og_title":"GDPR izjava o obradi osobnih podataka - Sysbee - HR","og_description":"GDPR izjava o na\u010dinu obrade i pohrane osobnih podataka korisnika u skladu s Op\u0107om uredbom o za\u0161titi podataka EU679\/2016.","og_url":"https:\/\/www.sysbee.net\/hr\/gdpr\/","og_site_name":"Sysbee - HR","article_modified_time":"2026-03-12T09:40:23+00:00","twitter_card":"summary_large_image","twitter_misc":{"Procijenjeno vrijeme \u010ditanja":"8 minuta"},"schema":{"@context":"https:\/\/schema.org","@graph":[{"@type":"WebPage","@id":"https:\/\/www.sysbee.net\/hr\/gdpr\/","url":"https:\/\/www.sysbee.net\/hr\/gdpr\/","name":"GDPR izjava o obradi osobnih podataka - Sysbee - HR","isPartOf":{"@id":"https:\/\/www.sysbee.net\/hr\/#website"},"datePublished":"2020-04-15T11:33:10+00:00","dateModified":"2026-03-12T09:40:23+00:00","description":"GDPR izjava o na\u010dinu obrade i pohrane osobnih podataka korisnika u skladu s Op\u0107om uredbom o za\u0161titi podataka EU679\/2016.","breadcrumb":{"@id":"https:\/\/www.sysbee.net\/hr\/gdpr\/#breadcrumb"},"inLanguage":"hr","potentialAction":[{"@type":"ReadAction","target":["https:\/\/www.sysbee.net\/hr\/gdpr\/"]}]},{"@type":"BreadcrumbList","@id":"https:\/\/www.sysbee.net\/hr\/gdpr\/#breadcrumb","itemListElement":[{"@type":"ListItem","position":1,"name":"Home","item":"https:\/\/www.sysbee.net\/hr\/"},{"@type":"ListItem","position":2,"name":"GDPR izjava o obradi osobnih podataka"}]},{"@type":"WebSite","@id":"https:\/\/www.sysbee.net\/hr\/#website","url":"https:\/\/www.sysbee.net\/hr\/","name":"Sysbee - HR","description":"Sysbee - HR","potentialAction":[{"@type":"SearchAction","target":{"@type":"EntryPoint","urlTemplate":"https:\/\/www.sysbee.net\/hr\/?s={search_term_string}"},"query-input":"required name=search_term_string"}],"inLanguage":"hr"}]}},"_links":{"self":[{"href":"https:\/\/www.sysbee.net\/hr\/wp-json\/wp\/v2\/pages\/5464"}],"collection":[{"href":"https:\/\/www.sysbee.net\/hr\/wp-json\/wp\/v2\/pages"}],"about":[{"href":"https:\/\/www.sysbee.net\/hr\/wp-json\/wp\/v2\/types\/page"}],"author":[{"embeddable":true,"href":"https:\/\/www.sysbee.net\/hr\/wp-json\/wp\/v2\/users\/4"}],"replies":[{"embeddable":true,"href":"https:\/\/www.sysbee.net\/hr\/wp-json\/wp\/v2\/comments?post=5464"}],"version-history":[{"count":10,"href":"https:\/\/www.sysbee.net\/hr\/wp-json\/wp\/v2\/pages\/5464\/revisions"}],"predecessor-version":[{"id":11084,"href":"https:\/\/www.sysbee.net\/hr\/wp-json\/wp\/v2\/pages\/5464\/revisions\/11084"}],"wp:attachment":[{"href":"https:\/\/www.sysbee.net\/hr\/wp-json\/wp\/v2\/media?parent=5464"}],"curies":[{"name":"wp","href":"https:\/\/api.w.org\/{rel}","templated":true}]}}