{"id":5447,"date":"2020-04-14T11:43:23","date_gmt":"2020-04-14T11:43:23","guid":{"rendered":"https:\/\/wphr.sysbee.net\/?page_id=5447"},"modified":"2022-07-29T14:35:51","modified_gmt":"2022-07-29T12:35:51","slug":"politika-privatnosti","status":"publish","type":"page","link":"https:\/\/www.sysbee.net\/hr\/politika-privatnosti\/","title":{"rendered":"Politika Privatnosti"},"content":{"rendered":"<div class=\"wpb-content-wrapper\"><p>[vc_row][vc_column][vc_column_text]<span style=\"font-weight: 400;font-size: 19px\">Sysbee, brand System Bee d.o.o., po\u0161tuje privatnost i sigurnost korisnika svojih usluga kao i posjetitelja web stranica, \u0161to garantira i na\u0161a politika privatnosti. Sysbee se trudi pru\u017eiti personalizirano iskustvo u kori\u0161tenju web stranica. Prikupljamo odre\u0111ene informacije o Vama kako bi vam mogli pru\u017eiti relevantne informacije, odnosno bolje korisni\u010dko iskustvo dok ste na na\u0161im stranicama.<\/span>[\/vc_column_text][\/vc_column][\/vc_row][vc_row full_width=&#8221;stretch_row&#8221; parallax=&#8221;content-moving&#8221; parallax_image=&#8221;8849&#8243; css=&#8221;.vc_custom_1658312811366{padding-top: 200px !important;padding-bottom: 200px !important;}&#8221;][vc_column][\/vc_column][\/vc_row][vc_row][vc_column]<div class=\"porto-u-heading  wpb_custom_95aa9a11c17ad45cfabaf210d84ee7cc porto-u-2956\"><div class=\"porto-u-main-heading\"><h2  >Sysbee garantira da:<\/h2><\/div><style>.porto-u-2956.porto-u-heading{text-align:left}<\/style><\/div>[\/vc_column][\/vc_row][vc_row][vc_column width=&#8221;4\/5&#8243;][vc_column_text]<\/p>\n<ul>\n<li style=\"font-weight: 400\"><span style=\"font-weight: 400;font-size: 16px\">Ne prodajemo, ne iznajmljujemo ili \u0107emo ikada prodavati i iznajmljivati bilo kakve osobne informacije o na\u0161im korisnicima, osim u slu\u010daju navedenim u ovom dokumentu.<\/span><\/li>\n<li style=\"font-weight: 400\"><span style=\"font-weight: 400;font-size: 16px\">Ova Politika privatnosti se odnosi na biv\u0161e, sada\u0161nje i budu\u0107e korisnike na\u0161ih usluga kao i posjetitelje na\u0161e web stranice.<\/span><\/li>\n<li style=\"font-weight: 400\"><span style=\"font-weight: 400;font-size: 16px\">Pripremili smo ovu Politiku Privatnosti kako bi Vi bolje razumjeli koje podatke o vama prikupljamo, kako i kada te podatke koristimo, na koji na\u010din \u0161titimo va\u0161e osobne podatke, tko ima pristup va\u0161im osobnim podacima te kako mo\u017eete samostalno izmijeniti bilo kakvu neispravnost u podacima. Ova Politika Privatnosti nije namijenjena i ne stvara nikakve Ugovorne odnose niti predstavlja bilo koje druge pravne odgovornosti bilo koje strane.<\/span><\/li>\n<\/ul>\n<p>[\/vc_column_text]<div class=\"porto-u-heading  wpb_custom_95aa9a11c17ad45cfabaf210d84ee7cc porto-u-3718\"><div class=\"porto-u-main-heading\"><h3  >Informacije koje prikupljamo<\/h3><\/div><style>.porto-u-3718.porto-u-heading{text-align:left}<\/style><\/div>[vc_column_text]<span style=\"font-weight: 400;font-size: 16px\">Sysbee prikuplja odre\u0111ene informacije o svojim korisnicima na 3 na\u010dina:<\/span><\/p>\n<ul>\n<li style=\"font-weight: 400\"><span style=\"font-weight: 400;font-size: 16px\">Kroz serverske logove,<\/span><\/li>\n<li style=\"font-weight: 400\"><span style=\"font-weight: 400;font-size: 16px\">Pomo\u0107u kola\u010di\u0107a (cookies) i<\/span><\/li>\n<li style=\"font-weight: 400\"><span style=\"font-weight: 400;font-size: 16px\">Direktno od korisnika.<\/span><\/li>\n<\/ul>\n<p>[\/vc_column_text]<div class=\"porto-u-heading  wpb_custom_95aa9a11c17ad45cfabaf210d84ee7cc porto-u-8347\"><div class=\"porto-u-main-heading\"><h3  >Serverski logovi<\/h3><\/div><style>.porto-u-8347.porto-u-heading{text-align:left}<\/style><\/div>[vc_column_text]<span style=\"font-weight: 400;font-size: 16px\">Kada posjetite na\u0161u web stranicu, Sysbee mo\u017ee sakupljati informacije koje vas ne mogu identificirati kao odre\u0111enu osobu. To su informacije poput:<\/span><\/p>\n<ul>\n<li style=\"font-weight: 400\"><span style=\"font-size: 16px\"><span style=\"font-weight: 400\">Adresa internet protokola (<\/span><i><span style=\"font-weight: 400\">eng. Internet Protocol Address<\/span><\/i><span style=\"font-weight: 400\">) (ni\u017ee obja\u0161njeno);<\/span><\/span><\/li>\n<li style=\"font-weight: 400\"><span style=\"font-weight: 400;font-size: 16px\">Vrstu internet preglednika koji koristite na ra\u010dunalu;<\/span><\/li>\n<li style=\"font-weight: 400\"><span style=\"font-weight: 400;font-size: 16px\">Broj linkova koji ste kliknuli na na\u0161oj web stranici;<\/span><\/li>\n<li style=\"font-weight: 400\"><span style=\"font-weight: 400;font-size: 16px\">Zemlja ili \u017eupanija odakle dolazite;<\/span><\/li>\n<li style=\"font-weight: 400\"><span style=\"font-weight: 400;font-size: 16px\">Datum i vrijeme va\u0161e posjete;<\/span><\/li>\n<li style=\"font-weight: 400\"><span style=\"font-weight: 400;font-size: 16px\">Naziv va\u0161eg pru\u017eatelja internetskih usluga;<\/span><\/li>\n<li style=\"font-weight: 400\"><span style=\"font-weight: 400;font-size: 16px\">Web stranica preko koje ste do\u0161li do na\u0161e stranice (klikom na poveznicu);<\/span><\/li>\n<li style=\"font-weight: 400\"><span style=\"font-weight: 400;font-size: 16px\">Stranice koje ste pregledali na na\u0161oj web stranici.<\/span><\/li>\n<\/ul>\n<p>[\/vc_column_text]<div class=\"porto-u-heading  wpb_custom_95aa9a11c17ad45cfabaf210d84ee7cc porto-u-9858\"><div class=\"porto-u-main-heading\"><h3  >Internet Protokol (\u201cIP\u201d) Adresa<\/h3><\/div><style>.porto-u-9858.porto-u-heading{text-align:left}<\/style><\/div>[vc_column_text]<span style=\"font-size: 16px\"><a href=\"https:\/\/www.investopedia.com\/terms\/i\/ip-address.asp\"><span style=\"font-weight: 400\">IP adresa<\/span><\/a><span style=\"font-weight: 400\"> je identifikacijski broj koji je povezan s odre\u0111enim ra\u010dunalom ili ra\u010dunalnom mre\u017eom. Kada ste povezani na internet, IP adresa omogu\u0107ava ra\u010dunalu slanje i primanje informacija. Pomo\u0107u IP adrese, web poslu\u017eitelji automatski identificiraju va\u0161e ra\u010dunalo. Sysbee serveri prikupljaju IP adrese drugih web stranice putem kojih ste do\u0161li do na\u0161e web stranice. Va\u0161a IP adresa poma\u017ee Sysbee-u da vam pru\u017ei bolje korisni\u010dko iskustvo, sakupi statistiku posje\u0107enosti svojih web stranica te uo\u010di gre\u0161ke na svojim web stranicama.<\/span><\/span>[\/vc_column_text]<div class=\"porto-u-heading  wpb_custom_95aa9a11c17ad45cfabaf210d84ee7cc porto-u-1291\"><div class=\"porto-u-main-heading\"><h3  >Kola\u010di\u0107i (eng. cookies) <\/h3><\/div><style>.porto-u-1291.porto-u-heading{text-align:left}<\/style><\/div>[vc_column_text]<span style=\"font-weight: 400;font-size: 16px\">Na\u0161e web stranice koriste kola\u010di\u0107e (npr. male tekstualne bitove koje na\u0161 server pohranjuje na tvrdi disk va\u0161eg ra\u010dunala). Kola\u010di\u0107e koristimo kako bi pohranili va\u0161e postavke, informacije koje koristite za prijavu te pru\u017eanje personaliziranog iskustva.<\/span><\/p>\n<p><span style=\"font-weight: 400;font-size: 16px\">Kola\u010di\u0107i mogu tako\u0111er pohranjivati informacije koje vam mogu otkriti identitet (ni\u017ee obja\u0161njeno) koje ste sami prethodno unijeli na nekom dijelu stranice kako ne bi svaki puta iznova morali unositi iste informacije. Pohranu kola\u010di\u0107a mo\u017eete zabraniti tako da ih isklju\u010dite u svom internet pregledniku no tako \u0107ete izgubiti dio funkcionalnosti Sysbee web stranice.<\/span><\/p>\n<p><span style=\"font-size: 16px\"><span style=\"font-weight: 400\">Vi\u0161e informacija o kori\u0161tenju kola\u010di\u0107a mo\u017eete pro\u010ditati u na\u0161oj <\/span><a href=\"https:\/\/www.sysbee.net\/hr\/koristenje-kolacica\/\"><span style=\"font-weight: 400\">politici kori\u0161tenja kola\u010di\u0107a<\/span><\/a><span style=\"font-weight: 400\">.<\/span><\/span>[\/vc_column_text]<div class=\"porto-u-heading  wpb_custom_95aa9a11c17ad45cfabaf210d84ee7cc porto-u-2465\"><div class=\"porto-u-main-heading\"><h3  >Informacije koje Vas identificiraju<\/h3><\/div><style>.porto-u-2465.porto-u-heading{text-align:left}<\/style><\/div>[vc_column_text]<span style=\"font-weight: 400;font-size: 16px\">Na na\u0161oj web stranici, korisnici se mogu registrirati kako bi ugovorili na\u0161e usluge, zaprimili personalizirane sadr\u017eaje ili sudjelovali u online anketama. Kada se registrirate, Sysbee Vas mo\u017ee tra\u017eiti neke osobne podatke, koje mogu sadr\u017eavati no nisu ograni\u010dene na: Va\u0161e puno ime i prezime, adresa, broj telefona, e-mail adresa i osobni identifikacijski broj (OIB). Temeljem prikupljenih podataka, Sysbee Vam mo\u017ee ponuditi svoje usluge.<\/span><\/p>\n<p><span style=\"font-weight: 400;font-size: 16px\">Ako ugovorite na\u0161e usluge, mo\u017eemo od vas tra\u017eiti financijske podatke poput brojeva kreditne kartice ili bankovnog ra\u010duna. Bilo kakve financijske podatke koje prikupljamo od Vas, koristit \u0107e se isklju\u010divo kako bi mogli naplatiti usluge koje ste ugovorili. Ako ste uslugu platili putem kreditne kartice, informacije o istoj mogu biti proslije\u0111ene tvrtki koja vr\u0161i naplatu na va\u0161oj kreditnoj kartici (pru\u017eatelja payment gateway-a).<\/span>[\/vc_column_text]<div class=\"porto-u-heading  wpb_custom_95aa9a11c17ad45cfabaf210d84ee7cc porto-u-2218\"><div class=\"porto-u-main-heading\"><h3  >Dodatne informacije<\/h3><\/div><style>.porto-u-2218.porto-u-heading{text-align:left}<\/style><\/div>[vc_column_text]<span style=\"font-weight: 400;font-size: 16px\">Zbog sigurnosnih mjera i osiguranja dostupnosti na\u0161e internet stranice i mre\u017ea svim posjetiteljima, Sysbee mo\u017ee koristiti softverske programe kojima prati mre\u017eni promet ili identificira neautorizirana u\u010ditavanja (eng.upload) ili poku\u0161aje preinake i o\u0161te\u0107enja na bilo koji drugi na\u010din. Ovi programi mogu tako\u0111er skupljati informacije o na\u010dinima na koji koristite ra\u010dunalnu mre\u017eu ili web stranice.<\/span><\/p>\n<p><span style=\"font-weight: 400;font-size: 16px\">Ako tra\u017eite na\u0161u tehni\u010dku podr\u0161ku ili dodatne informacije o na\u0161im uslugama, od Vas mo\u017eemo tra\u017eiti osobne podatke. Primjerice, osobne informacije (poput e-mail adrese, informacije o sustavu i opise problema) kako bi vam mogli pru\u017eiti online tehni\u010dku podr\u0161ku i pomo\u0107 oko rje\u0161avanja problema. Ako se komunikacija odvija elektroni\u010dkim putem (primjerice e-mail), mo\u017eemo zadr\u017eati kopiju te komunikacije zajedno sa va\u0161om e-mail adresom i va\u0161im odgovorima.<\/span>[\/vc_column_text]<div class=\"porto-u-heading  wpb_custom_95aa9a11c17ad45cfabaf210d84ee7cc porto-u-5839\"><div class=\"porto-u-main-heading\"><h3  >Kako koristimo Va\u0161e informacije?<\/h3><\/div><style>.porto-u-5839.porto-u-heading{text-align:left}<\/style><\/div>[vc_column_text]<span style=\"font-weight: 400;font-size: 16px\">Sysbee koristi prikupljene informacije kako bi Vas obavje\u0161tavali o va\u0161em korisni\u010dkom ra\u010dunu i promjenama uvjeta kori\u0161tenja usluga. Mo\u017eemo Vas obavje\u0161tavati i o uslugama za koje mislimo da bi Vama mogle biti korisne te o posebnim ponudama.<\/span><\/p>\n<p><span style=\"font-weight: 400;font-size: 16px\">Ako ne \u017eelite primati takve e-mailove, molimo da nas obavijestite e-mailom. Na\u0161i zaposlenici, ugovorni partneri ili agenti \u0107e ponekada zahtijevati pristup va\u0161im osobnim podacima. Dozvoljavamo ograni\u010deni pristup Va\u0161im osobnim podacima te ih koristimo samo u poslovne svrhe poput administracije i pobolj\u0161anja na\u0161ih usluga.<\/span>[\/vc_column_text]<div class=\"porto-u-heading  wpb_custom_95aa9a11c17ad45cfabaf210d84ee7cc porto-u-6878\"><div class=\"porto-u-main-heading\"><h3  >Informacije kojima dozvoljavamo pristup<\/h3><\/div><style>.porto-u-6878.porto-u-heading{text-align:left}<\/style><\/div>[vc_column_text]<span style=\"font-weight: 400;font-size: 16px\">Sysbee mo\u017ee dozvoliti pristup informacijama koje Vas ne identificiraju kao korisnika, poput obrasca kori\u0161tenja web stranice. Ula\u017eemo napore kako bi odabrali isklju\u010divo pouzdane partnere s va\u017ee\u0107im Politikama privatnosti no ne preuzimamo odgovornost za njihove Politike privatnosti ili poslovne modele.<\/span><\/p>\n<p><span style=\"font-weight: 400;font-size: 16px\">Sysbee mo\u017ee dijeliti ili otkriti osobne informacije s agentima ili ugovornim partnerima koji koriste navedene informacije u ime Sysbee-a ili u administraciji usluga koje isporu\u010duje u ime Sysbee-a.<\/span>[\/vc_column_text]<div class=\"porto-u-heading  wpb_custom_95aa9a11c17ad45cfabaf210d84ee7cc porto-u-5433\"><div class=\"porto-u-main-heading\"><h3  >Poseban slu\u010daj davanja informacija<\/h3><\/div><style>.porto-u-5433.porto-u-heading{text-align:left}<\/style><\/div>[vc_column_text]<span style=\"font-weight: 400;font-size: 16px\">Osobne i neosobne informacije mogu biti predane tre\u0107oj strani ako to zahtijeva Zakon, u slu\u010daju javne sigurnosti ili po Sudskom nalogu.<\/span>[\/vc_column_text]<div class=\"porto-u-heading  wpb_custom_95aa9a11c17ad45cfabaf210d84ee7cc porto-u-3891\"><div class=\"porto-u-main-heading\"><h3  >Direktni kontakt<\/h3><\/div><style>.porto-u-3891.porto-u-heading{text-align:left}<\/style><\/div>[vc_column_text]<span style=\"font-size: 16px\"><span style=\"font-weight: 400\">Sysbee Vas mo\u017ee direktno kontaktirati putem e-mail adrese: kada od nas zahtijevate odgovor na Va\u0161e pitanje, kako bi isporu\u010dili<\/span> <span style=\"font-weight: 400\">ugovorenu uslugu, kako bi mogli upravljati svojim korisni\u010dkim ra\u010dunom i kako bi vas informirali o va\u017enim obavijestima koje se odnose na ugovorenu usluge.<\/span><\/span>[\/vc_column_text]<div class=\"porto-u-heading  wpb_custom_95aa9a11c17ad45cfabaf210d84ee7cc porto-u-5216\"><div class=\"porto-u-main-heading\"><h3  >Brisanje podataka iz baze<\/h3><\/div><style>.porto-u-5216.porto-u-heading{text-align:left}<\/style><\/div>[vc_column_text]<span style=\"font-size: 16px\"><span style=\"font-weight: 400\">Ako ne \u017eelite primati na\u0161e informativne e-mailove, mo\u017eete od istih odustati (\u201copt-out\u201d) u bilo koje vrijeme tako da nas kontaktirate i zatra\u017eite brisanje podataka. Sysbee \u0107e ulo\u017eiti zna\u010dajan trud kako bi uklonio osobne informacije, no molimo da shvatite da \u0107e neke informacije ostati trajno pohranjene u skladu s<\/span> <span style=\"font-weight: 400\">pozitivnim zakonskim propisima.<\/span><\/span>[\/vc_column_text]<div class=\"porto-u-heading  wpb_custom_95aa9a11c17ad45cfabaf210d84ee7cc porto-u-9131\"><div class=\"porto-u-main-heading\"><h3  >Web stranice tre\u0107ih strana<\/h3><\/div><style>.porto-u-9131.porto-u-heading{text-align:left}<\/style><\/div>[vc_column_text]<span style=\"font-size: 16px\"><span style=\"font-weight: 400\">Sysbee web stranica uklju\u010duje poveznice, bannere i sl. prema web stranicama tre\u0107ih osoba koje mogu ili ne moraju biti u Ugovornim odnosima sa Sysbee. Sysbee ne upravlja stranicama tre\u0107ih strana niti ima bilo kakvu kontrolu<\/span> <span style=\"font-weight: 400\">nad istima i nije<\/span> <span style=\"font-weight: 400\">odgovoran za bilo kakve sadr\u017eaje ili podatke koje ste na tim stranicama unijeli.<\/span><\/span><\/p>\n<p><span style=\"font-weight: 400;font-size: 16px\">Molimo uzmite u obzir da web stranice tre\u0107ih strana mogu tra\u017eiti podatke koje nisu u skladu sa Sysbee Politikom Privatnosti stoga vas molimo da prije davanja bilo kakvih podataka pro\u010ditate njihove Politike privatnosti.<\/span>[\/vc_column_text]<div class=\"porto-u-heading  wpb_custom_95aa9a11c17ad45cfabaf210d84ee7cc porto-u-6082\"><div class=\"porto-u-main-heading\"><h3  >Sigurnost djece<\/h3><\/div><style>.porto-u-6082.porto-u-heading{text-align:left}<\/style><\/div>[vc_column_text]<span style=\"font-weight: 400;font-size: 16px\">U skladu sa zakonskim normama, Sysbee ne prikuplja svjesno podatke o djeci ispod 13 godina starosti.<\/span>[\/vc_column_text]<div class=\"porto-u-heading  wpb_custom_95aa9a11c17ad45cfabaf210d84ee7cc porto-u-5425\"><div class=\"porto-u-main-heading\"><h3  >Kako \u0161titimo Va\u0161e informacije?<\/h3><\/div><style>.porto-u-5425.porto-u-heading{text-align:left}<\/style><\/div>[vc_column_text]<span style=\"font-weight: 400;font-size: 16px\">Sysbee ula\u017ee zna\u010dajne napore kako bi za\u0161titio va\u0161e osobne podatke od neautoriziranog pristupa, kra\u0111e, gubitka ili izmjena pomo\u0107u razli\u010ditih mjera elektroni\u010dke za\u0161tite. Ove mjere uklju\u010duju firewall-e, SSL certifikate, anti-virus detekcije kao i kori\u0161tenja lozinki na za\u0161ti\u0107enim stranicama.<\/span><\/p>\n<p><span style=\"font-weight: 400;font-size: 16px\">Kada od korisnika zatra\u017eimo financijske informacije (poput brojeva kreditnih kartica), ti podaci su za\u0161ti\u0107eni va\u017ee\u0107im SSL certifikatom, no molimo uzmite u obzir da ostala elektronska komunikacija (primjerice e-mail) ne moraju biti sigurne. Iz tog razloga, molimo vas da ne \u0161aljete povjerljive, osjetljive informacije (poput financijskih ili osobnih podataka i lozinki) putem tih kanalima.<\/span>[\/vc_column_text]<div class=\"porto-u-heading  wpb_custom_95aa9a11c17ad45cfabaf210d84ee7cc porto-u-9806\"><div class=\"porto-u-main-heading\"><h3  >Prijenos podataka u inozemstvo<\/h3><\/div><style>.porto-u-9806.porto-u-heading{text-align:left}<\/style><\/div>[vc_column_text]<span style=\"font-weight: 400;font-size: 16px\">Posje\u0107ujete li Sysbee web stranice iz inozemstva (Sysbee server je trenutno smje\u0161ten u Hrvatskoj), komunikacija \u0107e prelaziti dr\u017eavne granice. Posjetom na\u0161ih stranicama i komuniciraju\u0107i s nama pristajete na procesiranje i prijenos svojih podataka kako je to opisano u ovoj politici privatnosti.<\/span>[\/vc_column_text]<div class=\"porto-u-heading  wpb_custom_95aa9a11c17ad45cfabaf210d84ee7cc porto-u-3293\"><div class=\"porto-u-main-heading\"><h3  >Kako ispraviti nepravilnosti?<\/h3><\/div><style>.porto-u-3293.porto-u-heading{text-align:left}<\/style><\/div>[vc_column_text]<span style=\"font-weight: 400;font-size: 16px\">Ako ste se registrirali na na\u0161oj web stranici, svoje osobne podatke mo\u017eete promijeniti u bilo kojem trenutku putem korisni\u010dkih stranica ili nas mo\u017eete kontaktirati putem e-maila ili kontakt forme.<\/span>[\/vc_column_text]<div class=\"porto-u-heading  wpb_custom_95aa9a11c17ad45cfabaf210d84ee7cc porto-u-3667\"><div class=\"porto-u-main-heading\"><h3  >Izmjene politike privatnosti<\/h3><\/div><style>.porto-u-3667.porto-u-heading{text-align:left}<\/style><\/div>[vc_column_text]<span style=\"font-weight: 400;font-size: 16px\">Sysbee zadr\u017eava pravo izmjene, nadogradnje ili poni\u0161tavanja ove politike privatnosti u bilo kojem trenutku prema vlastitom naho\u0111enju. Sve promjene po pitanju politike privatnosti, bit \u0107e objavljene na ovoj web stranici.<\/span>[\/vc_column_text]<div class=\"porto-u-heading  wpb_custom_95aa9a11c17ad45cfabaf210d84ee7cc porto-u-6448\"><div class=\"porto-u-main-heading\"><h3  >Pitanja ili komentari<\/h3><\/div><style>.porto-u-6448.porto-u-heading{text-align:left}<\/style><\/div>[vc_column_text]<span style=\"font-weight: 400;font-size: 16px\">Ako imate bilo kakvih pitanja ili komentara vezano za na\u0161u politiku privatnosti molimo kontaktirajte Sysbee putem kontakt forme ili e-mailom.<\/span>[\/vc_column_text][vc_separator color=&#8221;custom&#8221; accent_color=&#8221;#ffab00&#8243;][vc_column_text]<\/p>\n<h3>For the English version of Privacy Policy, please click <a href=\"https:\/\/www.sysbee.net\/privacy-policy\/\">here<\/a>.<\/h3>\n<p>[\/vc_column_text][\/vc_column][vc_column width=&#8221;1\/5&#8243;]<div class=\"porto-u-heading  wpb_custom_95aa9a11c17ad45cfabaf210d84ee7cc porto-u-2582\"><div class=\"porto-u-sub-heading\" style=\"\">\n<h4>Pravni dokumenti:<\/h4>\n<p><\/div><style>.porto-u-2582.porto-u-heading{text-align:left}<\/style><\/div>[vc_wp_custommenu nav_menu=&#8221;165&#8243;][\/vc_column][\/vc_row][vc_row][vc_column][\/vc_column][\/vc_row][vc_row][vc_column][\/vc_column][\/vc_row][vc_row][vc_column][\/vc_column][\/vc_row][vc_row][vc_column][\/vc_column][\/vc_row]<\/p>\n<\/div>","protected":false},"excerpt":{"rendered":"<p>[vc_row][vc_column][vc_column_text]Sysbee, brand System Bee d.o.o., po\u0161tuje privatnost i sigurnost korisnika svojih usluga kao i posjetitelja web stranica, \u0161to garantira i na\u0161a politika privatnosti. Sysbee se trudi pru\u017eiti personalizirano iskustvo u kori\u0161tenju web stranica. Prikupljamo odre\u0111ene informacije o Vama kako bi vam mogli pru\u017eiti relevantne informacije, odnosno bolje korisni\u010dko iskustvo dok ste na na\u0161im stranicama.[\/vc_column_text][\/vc_column][\/vc_row][vc_row full_width=&#8221;stretch_row&#8221; [&hellip;]<\/p>\n","protected":false},"author":4,"featured_media":0,"parent":0,"menu_order":0,"comment_status":"closed","ping_status":"closed","template":"","meta":{"inline_featured_image":false,"footnotes":""},"yoast_head":"<!-- This site is optimized with the Yoast SEO plugin v22.4 - https:\/\/yoast.com\/wordpress\/plugins\/seo\/ -->\n<title>Politika Privatnosti i sigurnosti korisni\u010dkih podataka - Sysbee - HR<\/title>\n<meta name=\"description\" content=\"Sysbee po\u0161tuje privatnost i sigurnost korisnika svojih usluga i posjetitelja web stranica, \u0161to garantira i na\u0161a politika privatnosti.\" \/>\n<meta name=\"robots\" content=\"index, follow, max-snippet:-1, max-image-preview:large, max-video-preview:-1\" \/>\n<link rel=\"canonical\" href=\"https:\/\/www.sysbee.net\/hr\/politika-privatnosti\/\" \/>\n<meta property=\"og:locale\" content=\"hr_HR\" \/>\n<meta property=\"og:type\" content=\"article\" \/>\n<meta property=\"og:title\" content=\"Politika Privatnosti i sigurnosti korisni\u010dkih podataka - Sysbee - HR\" \/>\n<meta property=\"og:description\" content=\"Sysbee po\u0161tuje privatnost i sigurnost korisnika svojih usluga i posjetitelja web stranica, \u0161to garantira i na\u0161a politika privatnosti.\" \/>\n<meta property=\"og:url\" content=\"https:\/\/www.sysbee.net\/hr\/politika-privatnosti\/\" \/>\n<meta property=\"og:site_name\" content=\"Sysbee - HR\" \/>\n<meta property=\"article:modified_time\" content=\"2022-07-29T12:35:51+00:00\" \/>\n<meta name=\"twitter:card\" content=\"summary_large_image\" \/>\n<meta name=\"twitter:label1\" content=\"Procijenjeno vrijeme \u010ditanja\" \/>\n\t<meta name=\"twitter:data1\" content=\"8 minuta\" \/>\n<script type=\"application\/ld+json\" class=\"yoast-schema-graph\">{\"@context\":\"https:\/\/schema.org\",\"@graph\":[{\"@type\":\"WebPage\",\"@id\":\"https:\/\/www.sysbee.net\/hr\/politika-privatnosti\/\",\"url\":\"https:\/\/www.sysbee.net\/hr\/politika-privatnosti\/\",\"name\":\"Politika Privatnosti i sigurnosti korisni\u010dkih podataka - Sysbee - HR\",\"isPartOf\":{\"@id\":\"https:\/\/www.sysbee.net\/hr\/#website\"},\"datePublished\":\"2020-04-14T11:43:23+00:00\",\"dateModified\":\"2022-07-29T12:35:51+00:00\",\"description\":\"Sysbee po\u0161tuje privatnost i sigurnost korisnika svojih usluga i posjetitelja web stranica, \u0161to garantira i na\u0161a politika privatnosti.\",\"breadcrumb\":{\"@id\":\"https:\/\/www.sysbee.net\/hr\/politika-privatnosti\/#breadcrumb\"},\"inLanguage\":\"hr\",\"potentialAction\":[{\"@type\":\"ReadAction\",\"target\":[\"https:\/\/www.sysbee.net\/hr\/politika-privatnosti\/\"]}]},{\"@type\":\"BreadcrumbList\",\"@id\":\"https:\/\/www.sysbee.net\/hr\/politika-privatnosti\/#breadcrumb\",\"itemListElement\":[{\"@type\":\"ListItem\",\"position\":1,\"name\":\"Home\",\"item\":\"https:\/\/www.sysbee.net\/hr\/\"},{\"@type\":\"ListItem\",\"position\":2,\"name\":\"Politika Privatnosti\"}]},{\"@type\":\"WebSite\",\"@id\":\"https:\/\/www.sysbee.net\/hr\/#website\",\"url\":\"https:\/\/www.sysbee.net\/hr\/\",\"name\":\"Sysbee - HR\",\"description\":\"Sysbee - HR\",\"potentialAction\":[{\"@type\":\"SearchAction\",\"target\":{\"@type\":\"EntryPoint\",\"urlTemplate\":\"https:\/\/www.sysbee.net\/hr\/?s={search_term_string}\"},\"query-input\":\"required name=search_term_string\"}],\"inLanguage\":\"hr\"}]}<\/script>\n<!-- \/ Yoast SEO plugin. -->","yoast_head_json":{"title":"Politika Privatnosti i sigurnosti korisni\u010dkih podataka - Sysbee - HR","description":"Sysbee po\u0161tuje privatnost i sigurnost korisnika svojih usluga i posjetitelja web stranica, \u0161to garantira i na\u0161a politika privatnosti.","robots":{"index":"index","follow":"follow","max-snippet":"max-snippet:-1","max-image-preview":"max-image-preview:large","max-video-preview":"max-video-preview:-1"},"canonical":"https:\/\/www.sysbee.net\/hr\/politika-privatnosti\/","og_locale":"hr_HR","og_type":"article","og_title":"Politika Privatnosti i sigurnosti korisni\u010dkih podataka - Sysbee - HR","og_description":"Sysbee po\u0161tuje privatnost i sigurnost korisnika svojih usluga i posjetitelja web stranica, \u0161to garantira i na\u0161a politika privatnosti.","og_url":"https:\/\/www.sysbee.net\/hr\/politika-privatnosti\/","og_site_name":"Sysbee - HR","article_modified_time":"2022-07-29T12:35:51+00:00","twitter_card":"summary_large_image","twitter_misc":{"Procijenjeno vrijeme \u010ditanja":"8 minuta"},"schema":{"@context":"https:\/\/schema.org","@graph":[{"@type":"WebPage","@id":"https:\/\/www.sysbee.net\/hr\/politika-privatnosti\/","url":"https:\/\/www.sysbee.net\/hr\/politika-privatnosti\/","name":"Politika Privatnosti i sigurnosti korisni\u010dkih podataka - Sysbee - HR","isPartOf":{"@id":"https:\/\/www.sysbee.net\/hr\/#website"},"datePublished":"2020-04-14T11:43:23+00:00","dateModified":"2022-07-29T12:35:51+00:00","description":"Sysbee po\u0161tuje privatnost i sigurnost korisnika svojih usluga i posjetitelja web stranica, \u0161to garantira i na\u0161a politika privatnosti.","breadcrumb":{"@id":"https:\/\/www.sysbee.net\/hr\/politika-privatnosti\/#breadcrumb"},"inLanguage":"hr","potentialAction":[{"@type":"ReadAction","target":["https:\/\/www.sysbee.net\/hr\/politika-privatnosti\/"]}]},{"@type":"BreadcrumbList","@id":"https:\/\/www.sysbee.net\/hr\/politika-privatnosti\/#breadcrumb","itemListElement":[{"@type":"ListItem","position":1,"name":"Home","item":"https:\/\/www.sysbee.net\/hr\/"},{"@type":"ListItem","position":2,"name":"Politika Privatnosti"}]},{"@type":"WebSite","@id":"https:\/\/www.sysbee.net\/hr\/#website","url":"https:\/\/www.sysbee.net\/hr\/","name":"Sysbee - HR","description":"Sysbee - HR","potentialAction":[{"@type":"SearchAction","target":{"@type":"EntryPoint","urlTemplate":"https:\/\/www.sysbee.net\/hr\/?s={search_term_string}"},"query-input":"required name=search_term_string"}],"inLanguage":"hr"}]}},"_links":{"self":[{"href":"https:\/\/www.sysbee.net\/hr\/wp-json\/wp\/v2\/pages\/5447"}],"collection":[{"href":"https:\/\/www.sysbee.net\/hr\/wp-json\/wp\/v2\/pages"}],"about":[{"href":"https:\/\/www.sysbee.net\/hr\/wp-json\/wp\/v2\/types\/page"}],"author":[{"embeddable":true,"href":"https:\/\/www.sysbee.net\/hr\/wp-json\/wp\/v2\/users\/4"}],"replies":[{"embeddable":true,"href":"https:\/\/www.sysbee.net\/hr\/wp-json\/wp\/v2\/comments?post=5447"}],"version-history":[{"count":9,"href":"https:\/\/www.sysbee.net\/hr\/wp-json\/wp\/v2\/pages\/5447\/revisions"}],"predecessor-version":[{"id":8873,"href":"https:\/\/www.sysbee.net\/hr\/wp-json\/wp\/v2\/pages\/5447\/revisions\/8873"}],"wp:attachment":[{"href":"https:\/\/www.sysbee.net\/hr\/wp-json\/wp\/v2\/media?parent=5447"}],"curies":[{"name":"wp","href":"https:\/\/api.w.org\/{rel}","templated":true}]}}